{"id":15,"date":"2022-12-31T14:15:08","date_gmt":"2022-12-31T14:15:08","guid":{"rendered":"https:\/\/xerxa-npt.com\/site\/?page_id=15"},"modified":"2023-03-31T13:31:53","modified_gmt":"2023-03-31T13:31:53","slug":"services","status":"publish","type":"page","link":"https:\/\/xerxa-shpk.com\/sq\/services\/","title":{"rendered":"Sh\u00ebrbimet"},"content":{"rendered":"<div data-elementor-type=\"wp-page\" data-elementor-id=\"15\" class=\"elementor elementor-15\" data-elementor-post-type=\"page\">\n\t\t\t\t\t\t<section class=\"elementor-section elementor-top-section elementor-element elementor-element-e10c3df elementor-section-boxed elementor-section-height-default elementor-section-height-default\" data-id=\"e10c3df\" data-element_type=\"section\" data-e-type=\"section\" data-settings=\"{&quot;background_background&quot;:&quot;classic&quot;}\">\n\t\t\t\t\t\t<div class=\"elementor-container elementor-column-gap-default\">\n\t\t\t\t\t<div class=\"elementor-column elementor-col-100 elementor-top-column elementor-element elementor-element-ce5e1f7\" data-id=\"ce5e1f7\" data-element_type=\"column\" data-e-type=\"column\">\n\t\t\t<div class=\"elementor-widget-wrap elementor-element-populated\">\n\t\t\t\t\t\t<div class=\"elementor-element elementor-element-4428f4d elementor-widget elementor-widget-heading\" data-id=\"4428f4d\" data-element_type=\"widget\" data-e-type=\"widget\" data-widget_type=\"heading.default\">\n\t\t\t\t<div class=\"elementor-widget-container\">\n\t\t\t\t\t<h1 class=\"elementor-heading-title elementor-size-default\">Sh\u00ebrbimet<\/h1>\t\t\t\t<\/div>\n\t\t\t\t<\/div>\n\t\t\t\t<div class=\"elementor-element elementor-element-24a2984 elementor-widget elementor-widget-text-editor\" data-id=\"24a2984\" data-element_type=\"widget\" data-e-type=\"widget\" data-widget_type=\"text-editor.default\">\n\t\t\t\t<div class=\"elementor-widget-container\">\n\t\t\t\t\t\t\t\t\t<p>Uji \u00ebsht\u00eb nj\u00eb pjes\u00eb thelb\u00ebsore e jet\u00ebs son\u00eb t\u00eb p\u00ebrditshme, dhe nj\u00eb furnizim i besuesh\u00ebm dhe i q\u00ebndruesh\u00ebm me uj\u00eb t\u00eb past\u00ebr \u00ebsht\u00eb thelb\u00ebsor p\u00ebr sh\u00ebndetin dhe mir\u00ebqenien e individ\u00ebve, komuniteteve dhe mjedisit. N\u00eb kompanin\u00eb ton\u00eb t\u00eb furnizimit me uj\u00eb, ne jemi t\u00eb p\u00ebrkushtuar p\u00ebr t\u00eb ofruar zgjidhje inovative dhe efektive t\u00eb furnizimit me uj\u00eb q\u00eb plot\u00ebsojn\u00eb nevojat n\u00eb zhvillim t\u00eb klient\u00ebve tan\u00eb. Qoft\u00eb n\u00ebp\u00ebrmjet sh\u00ebrbimeve tona t\u00eb inxhinieris\u00eb dhe nd\u00ebrtimit t\u00eb p\u00ebrparuara, departamentit ton\u00eb t\u00eb shitjeve me p\u00ebrvoj\u00eb, apo menaxhimit dhe konsulenc\u00ebs son\u00eb gjith\u00ebp\u00ebrfshir\u00ebse t\u00eb projekteve, ne kemi ekspertiz\u00ebn dhe p\u00ebrvoj\u00ebn p\u00ebr t\u00eb ofruar zgjidhje t\u00eb furnizimit me uj\u00eb me cil\u00ebsi t\u00eb lart\u00eb q\u00eb kan\u00eb nj\u00eb ndikim t\u00eb v\u00ebrtet\u00eb.\u00a0\u00a0<\/p>\t\t\t\t\t\t\t\t<\/div>\n\t\t\t\t<\/div>\n\t\t\t\t\t<\/div>\n\t\t<\/div>\n\t\t\t\t\t<\/div>\n\t\t<\/section>\n\t\t\t\t<section class=\"elementor-section elementor-top-section elementor-element elementor-element-2ec8d90 elementor-section-boxed elementor-section-height-default elementor-section-height-default\" data-id=\"2ec8d90\" data-element_type=\"section\" data-e-type=\"section\">\n\t\t\t\t\t\t<div class=\"elementor-container elementor-column-gap-default\">\n\t\t\t\t\t<div class=\"elementor-column elementor-col-50 elementor-top-column elementor-element elementor-element-54fadfe\" data-id=\"54fadfe\" data-element_type=\"column\" data-e-type=\"column\">\n\t\t\t<div class=\"elementor-widget-wrap elementor-element-populated\">\n\t\t\t\t\t\t<div class=\"elementor-element elementor-element-bc9ed98 ekit-equal-height-enable elementor-widget elementor-widget-elementskit-image-box\" data-id=\"bc9ed98\" data-element_type=\"widget\" data-e-type=\"widget\" data-widget_type=\"elementskit-image-box.default\">\n\t\t\t\t<div class=\"elementor-widget-container\">\n\t\t\t\t\t<div class=\"ekit-wid-con\" >\n            <div class=\"elementskit-info-image-box ekit-image-box text-left style-sideline\" >\n\n                <a href=\"https:\/\/xerxa-shpk.com\/sq\/engineering-construction\/\">\n                <div class=\"elementskit-box-header image-box-img-left\">\n\n                    <img fetchpriority=\"high\" decoding=\"async\" width=\"1500\" height=\"844\" src=\"https:\/\/xerxa-shpk.com\/wp-content\/uploads\/2023\/01\/005.jpg\" class=\"attachment-full size-full wp-image-142\" alt=\"\" srcset=\"https:\/\/xerxa-shpk.com\/wp-content\/uploads\/2023\/01\/005.jpg 1500w, https:\/\/xerxa-shpk.com\/wp-content\/uploads\/2023\/01\/005-600x338.jpg 600w, https:\/\/xerxa-shpk.com\/wp-content\/uploads\/2023\/01\/005-300x169.jpg 300w, https:\/\/xerxa-shpk.com\/wp-content\/uploads\/2023\/01\/005-1024x576.jpg 1024w, https:\/\/xerxa-shpk.com\/wp-content\/uploads\/2023\/01\/005-768x432.jpg 768w\" sizes=\"(max-width: 1500px) 100vw, 1500px\" \/>\n                <\/div>\n                <\/a>\n                <div class=\"elementskit-box-body ekit-image-box-body\">\n                    <div class=\"elementskit-box-content ekit-image-box-body-inner\">\n                                                <h4 class=\"elementskit-info-box-title\">\n\n                        Inxhinieri dhe Nd\u00ebrtim\n                        \n                    <\/h4>\n                                                            <div class=\"elementskit-box-style-content\">\n                        Ekipi yn\u00eb i inxhinieris\u00eb dhe nd\u00ebrtimit specializohet n\u00eb projektimin dhe nd\u00ebrtimin e impianteve t\u00eb trajtimit t\u00eb ujit, rezervuar\u00ebve dhe rrjeteve t\u00eb shp\u00ebrndarjes. Ne p\u00ebrdorim teknologjin\u00eb dhe teknikat m\u00eb t\u00eb fundit p\u00ebr t\u00eb siguruar q\u00eb sistemet tona p\u00ebrmbushin standardet m\u00eb t\u00eb larta t\u00eb cil\u00ebsis\u00eb dhe efikasitetit.                     <\/div>\n                                    <\/div>\n\n                            <\/div>\n            <\/div>\n    <\/div>\t\t\t\t<\/div>\n\t\t\t\t<\/div>\n\t\t\t\t\t<\/div>\n\t\t<\/div>\n\t\t\t\t<div class=\"elementor-column elementor-col-50 elementor-top-column elementor-element elementor-element-d0f9e07\" data-id=\"d0f9e07\" data-element_type=\"column\" data-e-type=\"column\">\n\t\t\t<div class=\"elementor-widget-wrap elementor-element-populated\">\n\t\t\t\t\t\t<div class=\"elementor-element elementor-element-da767d6 ekit-equal-height-enable elementor-widget elementor-widget-elementskit-image-box\" data-id=\"da767d6\" data-element_type=\"widget\" data-e-type=\"widget\" data-widget_type=\"elementskit-image-box.default\">\n\t\t\t\t<div class=\"elementor-widget-container\">\n\t\t\t\t\t<div class=\"ekit-wid-con\" >\n            <div class=\"elementskit-info-image-box ekit-image-box text-left style-sideline\" >\n\n                <a href=\"https:\/\/xerxa-shpk.com\/sq\/sales-department\/\">\n                <div class=\"elementskit-box-header image-box-img-left\">\n\n                    <img decoding=\"async\" width=\"1161\" height=\"657\" src=\"https:\/\/xerxa-shpk.com\/wp-content\/uploads\/2023\/03\/sales-management-1.jpg\" class=\"attachment-full size-full wp-image-1424\" alt=\"\" srcset=\"https:\/\/xerxa-shpk.com\/wp-content\/uploads\/2023\/03\/sales-management-1.jpg 1161w, https:\/\/xerxa-shpk.com\/wp-content\/uploads\/2023\/03\/sales-management-1-300x170.jpg 300w, https:\/\/xerxa-shpk.com\/wp-content\/uploads\/2023\/03\/sales-management-1-1024x579.jpg 1024w, https:\/\/xerxa-shpk.com\/wp-content\/uploads\/2023\/03\/sales-management-1-768x435.jpg 768w, https:\/\/xerxa-shpk.com\/wp-content\/uploads\/2023\/03\/sales-management-1-600x340.jpg 600w, https:\/\/xerxa-shpk.com\/wp-content\/uploads\/2023\/03\/sales-management-1-64x36.jpg 64w\" sizes=\"(max-width: 1161px) 100vw, 1161px\" \/>\n                <\/div>\n                <\/a>\n                <div class=\"elementskit-box-body ekit-image-box-body\">\n                    <div class=\"elementskit-box-content ekit-image-box-body-inner\">\n                                                <h4 class=\"elementskit-info-box-title\">\n\n                        Departamenti i Shitjeve\n                        \n                    <\/h4>\n                                                            <div class=\"elementskit-box-style-content\">\n                        Departamenti yn\u00eb i shitjeve \u00ebsht\u00eb i p\u00ebrkushtuar p\u00ebr t\u00eb ofruar sh\u00ebrbim t\u00eb shk\u00eblqyer ndaj klientit. Ne punojm\u00eb ngusht\u00eb me klient\u00ebt tan\u00eb p\u00ebr t\u00eb kuptuar nevojat e tyre dhe p\u00ebr t'u ofruar atyre zgjidhjet m\u00eb t\u00eb mira p\u00ebr nevojat e tyre t\u00eb furnizimit me uj\u00eb.                    <\/div>\n                                    <\/div>\n\n                            <\/div>\n            <\/div>\n    <\/div>\t\t\t\t<\/div>\n\t\t\t\t<\/div>\n\t\t\t\t\t<\/div>\n\t\t<\/div>\n\t\t\t\t\t<\/div>\n\t\t<\/section>\n\t\t\t\t<section class=\"elementor-section elementor-top-section elementor-element elementor-element-b060428 elementor-section-boxed elementor-section-height-default elementor-section-height-default\" data-id=\"b060428\" data-element_type=\"section\" data-e-type=\"section\">\n\t\t\t\t\t\t<div class=\"elementor-container elementor-column-gap-default\">\n\t\t\t\t\t<div class=\"elementor-column elementor-col-50 elementor-top-column elementor-element elementor-element-cb71fca\" data-id=\"cb71fca\" data-element_type=\"column\" data-e-type=\"column\">\n\t\t\t<div class=\"elementor-widget-wrap elementor-element-populated\">\n\t\t\t\t\t\t<div class=\"elementor-element elementor-element-0b512ee ekit-equal-height-enable elementor-widget elementor-widget-elementskit-image-box\" data-id=\"0b512ee\" data-element_type=\"widget\" data-e-type=\"widget\" data-widget_type=\"elementskit-image-box.default\">\n\t\t\t\t<div class=\"elementor-widget-container\">\n\t\t\t\t\t<div class=\"ekit-wid-con\" >\n            <div class=\"elementskit-info-image-box ekit-image-box text-left style-sideline\" >\n\n                <a href=\"https:\/\/xerxa-shpk.com\/sq\/project-management-consultancy\/\">\n                <div class=\"elementskit-box-header image-box-img-left\">\n\n                    <img decoding=\"async\" width=\"1494\" height=\"840\" src=\"https:\/\/xerxa-shpk.com\/wp-content\/uploads\/2023\/01\/project.jpg\" class=\"attachment-full size-full wp-image-219\" alt=\"\" srcset=\"https:\/\/xerxa-shpk.com\/wp-content\/uploads\/2023\/01\/project.jpg 1494w, https:\/\/xerxa-shpk.com\/wp-content\/uploads\/2023\/01\/project-600x337.jpg 600w, https:\/\/xerxa-shpk.com\/wp-content\/uploads\/2023\/01\/project-300x169.jpg 300w, https:\/\/xerxa-shpk.com\/wp-content\/uploads\/2023\/01\/project-1024x576.jpg 1024w, https:\/\/xerxa-shpk.com\/wp-content\/uploads\/2023\/01\/project-768x432.jpg 768w\" sizes=\"(max-width: 1494px) 100vw, 1494px\" \/>\n                <\/div>\n                <\/a>\n                <div class=\"elementskit-box-body ekit-image-box-body\">\n                    <div class=\"elementskit-box-content ekit-image-box-body-inner\">\n                                                <h4 class=\"elementskit-info-box-title\">\n\n                        Menaxhim Projektesh dhe Konsulenc\u00eb\n                        \n                    <\/h4>\n                                                            <div class=\"elementskit-box-style-content\">\n                        Ekipi yn\u00eb i menaxhimit t\u00eb projekteve dhe konsulenc\u00ebs ofron nj\u00eb gam\u00eb sh\u00ebrbimesh p\u00ebr t\u00eb ndihmuar klient\u00ebt tan\u00eb t\u00eb planifikojn\u00eb, projektojn\u00eb dhe zbatojn\u00eb projekte t\u00eb furnizimit me uj\u00eb. Ne ofrojm\u00eb k\u00ebshilla nga ekspert\u00eb mbi teknologjit\u00eb m\u00eb t\u00eb fundit dhe praktikat m\u00eb t\u00eb mira p\u00ebr t\u00eb siguruar q\u00eb projektet e klient\u00ebve tan\u00eb t\u00eb p\u00ebrfundojn\u00eb n\u00eb koh\u00eb, brenda buxhetit dhe sipas standardeve m\u00eb t\u00eb larta.                    <\/div>\n                                    <\/div>\n\n                            <\/div>\n            <\/div>\n    <\/div>\t\t\t\t<\/div>\n\t\t\t\t<\/div>\n\t\t\t\t\t<\/div>\n\t\t<\/div>\n\t\t\t\t<div class=\"elementor-column elementor-col-50 elementor-top-column elementor-element elementor-element-000a318\" data-id=\"000a318\" data-element_type=\"column\" data-e-type=\"column\">\n\t\t\t<div class=\"elementor-widget-wrap elementor-element-populated\">\n\t\t\t\t\t\t<div class=\"elementor-element elementor-element-8f0f410 ekit-equal-height-enable elementor-widget elementor-widget-elementskit-image-box\" data-id=\"8f0f410\" data-element_type=\"widget\" data-e-type=\"widget\" data-widget_type=\"elementskit-image-box.default\">\n\t\t\t\t<div class=\"elementor-widget-container\">\n\t\t\t\t\t<div class=\"ekit-wid-con\" >\n            <div class=\"elementskit-info-image-box ekit-image-box text-left style-sideline\" >\n\n                <a href=\"https:\/\/xerxa-shpk.com\/sq\/xerxa-invest\/\">\n                <div class=\"elementskit-box-header image-box-img-left\">\n\n                    <img loading=\"lazy\" decoding=\"async\" width=\"1494\" height=\"840\" src=\"https:\/\/xerxa-shpk.com\/wp-content\/uploads\/2023\/01\/0041.jpg\" class=\"attachment-full size-full wp-image-218\" alt=\"\" srcset=\"https:\/\/xerxa-shpk.com\/wp-content\/uploads\/2023\/01\/0041.jpg 1494w, https:\/\/xerxa-shpk.com\/wp-content\/uploads\/2023\/01\/0041-600x337.jpg 600w, https:\/\/xerxa-shpk.com\/wp-content\/uploads\/2023\/01\/0041-300x169.jpg 300w, https:\/\/xerxa-shpk.com\/wp-content\/uploads\/2023\/01\/0041-1024x576.jpg 1024w, https:\/\/xerxa-shpk.com\/wp-content\/uploads\/2023\/01\/0041-768x432.jpg 768w\" sizes=\"(max-width: 1494px) 100vw, 1494px\" \/>\n                <\/div>\n                <\/a>\n                <div class=\"elementskit-box-body ekit-image-box-body\">\n                    <div class=\"elementskit-box-content ekit-image-box-body-inner\">\n                                                <h4 class=\"elementskit-info-box-title\">\n\n                        X\u00cbRXA Invest\n                        \n                    <\/h4>\n                                                            <div class=\"elementskit-box-style-content\">\n                        Xerxa \u200b\u200bInvest \u00ebsht\u00eb deg\u00eb e kompanis\u00eb son\u00eb q\u00eb investon n\u00eb projekte dhe teknologji q\u00eb lidhen me ujin. Ne p\u00ebrqendrohemi n\u00eb investimin n\u00eb zgjidhje inovative q\u00eb mund t\u00eb p\u00ebrmir\u00ebsojn\u00eb efikasitetin dhe q\u00ebndrueshm\u00ebrin\u00eb e sistemeve t\u00eb furnizimit me uj\u00eb.                    <\/div>\n                                    <\/div>\n\n                            <\/div>\n            <\/div>\n    <\/div>\t\t\t\t<\/div>\n\t\t\t\t<\/div>\n\t\t\t\t\t<\/div>\n\t\t<\/div>\n\t\t\t\t\t<\/div>\n\t\t<\/section>\n\t\t\t\t<\/div>","protected":false},"excerpt":{"rendered":"<p>Water is an essential part of our daily lives, and a reliable and sustainable supply of clean water is critical for the health and well-being of individuals, communities, and the environment. At our water supply company, we are dedicated to providing innovative and effective water supply solutions that meet the evolving needs of our clients&#8230;.<\/p>","protected":false},"author":1,"featured_media":0,"parent":0,"menu_order":0,"comment_status":"closed","ping_status":"closed","template":"elementor_header_footer","meta":{"inline_featured_image":false,"_kad_post_transparent":"","_kad_post_title":"hide","_kad_post_layout":"fullwidth","_kad_post_sidebar_id":"","_kad_post_content_style":"unboxed","_kad_post_vertical_padding":"hide","_kad_post_feature":"hide","_kad_post_feature_position":"","_kad_post_header":false,"_kad_post_footer":false,"_kad_post_classname":"","footnotes":""},"class_list":["post-15","page","type-page","status-publish","hentry"],"yoast_head":"<!-- This site is optimized with the Yoast SEO plugin v27.2 - https:\/\/yoast.com\/product\/yoast-seo-wordpress\/ -->\n<title>Services - X\u00ebrxa Hidro Group SHPK<\/title>\n<meta name=\"robots\" content=\"index, follow, max-snippet:-1, max-image-preview:large, max-video-preview:-1\" \/>\n<link rel=\"canonical\" href=\"https:\/\/xerxa-shpk.com\/sq\/services\/\" \/>\n<meta property=\"og:locale\" content=\"sq_AL\" \/>\n<meta property=\"og:type\" content=\"article\" \/>\n<meta property=\"og:title\" content=\"Services - X\u00ebrxa Hidro Group SHPK\" \/>\n<meta property=\"og:description\" content=\"Water is an essential part of our daily lives, and a reliable and sustainable supply of clean water is critical for the health and well-being of individuals, communities, and the environment. At our water supply company, we are dedicated to providing innovative and effective water supply solutions that meet the evolving needs of our clients....\" \/>\n<meta property=\"og:url\" content=\"https:\/\/xerxa-shpk.com\/sq\/services\/\" \/>\n<meta property=\"og:site_name\" content=\"X\u00ebrxa Hidro Group SHPK\" \/>\n<meta property=\"article:modified_time\" content=\"2023-03-31T13:31:53+00:00\" \/>\n<meta property=\"og:image\" content=\"https:\/\/xerxa-shpk.com\/wp-content\/uploads\/2023\/01\/005.jpg\" \/>\n\t<meta property=\"og:image:width\" content=\"1500\" \/>\n\t<meta property=\"og:image:height\" content=\"844\" \/>\n\t<meta property=\"og:image:type\" content=\"image\/jpeg\" \/>\n<meta name=\"twitter:card\" content=\"summary_large_image\" \/>\n<meta name=\"twitter:label1\" content=\"Est. reading time\" \/>\n\t<meta name=\"twitter:data1\" content=\"1 minut\u00eb\" \/>\n<script type=\"application\/ld+json\" class=\"yoast-schema-graph\">{\"@context\":\"https:\/\/schema.org\",\"@graph\":[{\"@type\":\"WebPage\",\"@id\":\"https:\/\/xerxa-shpk.com\/services\/\",\"url\":\"https:\/\/xerxa-shpk.com\/services\/\",\"name\":\"Services - X\u00ebrxa Hidro Group SHPK\",\"isPartOf\":{\"@id\":\"https:\/\/xerxa-shpk.com\/#website\"},\"primaryImageOfPage\":{\"@id\":\"https:\/\/xerxa-shpk.com\/services\/#primaryimage\"},\"image\":{\"@id\":\"https:\/\/xerxa-shpk.com\/services\/#primaryimage\"},\"thumbnailUrl\":\"https:\/\/xerxa-shpk.com\/wp-content\/uploads\/2023\/01\/005.jpg\",\"datePublished\":\"2022-12-31T14:15:08+00:00\",\"dateModified\":\"2023-03-31T13:31:53+00:00\",\"breadcrumb\":{\"@id\":\"https:\/\/xerxa-shpk.com\/services\/#breadcrumb\"},\"inLanguage\":\"sq\",\"potentialAction\":[{\"@type\":\"ReadAction\",\"target\":[\"https:\/\/xerxa-shpk.com\/services\/\"]}]},{\"@type\":\"ImageObject\",\"inLanguage\":\"sq\",\"@id\":\"https:\/\/xerxa-shpk.com\/services\/#primaryimage\",\"url\":\"https:\/\/xerxa-shpk.com\/wp-content\/uploads\/2023\/01\/005.jpg\",\"contentUrl\":\"https:\/\/xerxa-shpk.com\/wp-content\/uploads\/2023\/01\/005.jpg\"},{\"@type\":\"BreadcrumbList\",\"@id\":\"https:\/\/xerxa-shpk.com\/services\/#breadcrumb\",\"itemListElement\":[{\"@type\":\"ListItem\",\"position\":1,\"name\":\"Home\",\"item\":\"https:\/\/xerxa-shpk.com\/\"},{\"@type\":\"ListItem\",\"position\":2,\"name\":\"Services\"}]},{\"@type\":\"WebSite\",\"@id\":\"https:\/\/xerxa-shpk.com\/#website\",\"url\":\"https:\/\/xerxa-shpk.com\/\",\"name\":\"X\u00ebrxa Hidro Group SHPK\",\"description\":\"A drop of water, for a lifetime\",\"publisher\":{\"@id\":\"https:\/\/xerxa-shpk.com\/#organization\"},\"potentialAction\":[{\"@type\":\"SearchAction\",\"target\":{\"@type\":\"EntryPoint\",\"urlTemplate\":\"https:\/\/xerxa-shpk.com\/?s={search_term_string}\"},\"query-input\":{\"@type\":\"PropertyValueSpecification\",\"valueRequired\":true,\"valueName\":\"search_term_string\"}}],\"inLanguage\":\"sq\"},{\"@type\":\"Organization\",\"@id\":\"https:\/\/xerxa-shpk.com\/#organization\",\"name\":\"X\u00ebrxa Hidro Group SHPK\",\"url\":\"https:\/\/xerxa-shpk.com\/\",\"logo\":{\"@type\":\"ImageObject\",\"inLanguage\":\"sq\",\"@id\":\"https:\/\/xerxa-shpk.com\/#\/schema\/logo\/image\/\",\"url\":\"https:\/\/xerxa-shpk.com\/wp-content\/uploads\/2023\/02\/xerxa-blue.svg\",\"contentUrl\":\"https:\/\/xerxa-shpk.com\/wp-content\/uploads\/2023\/02\/xerxa-blue.svg\",\"width\":603,\"height\":183,\"caption\":\"X\u00ebrxa Hidro Group SHPK\"},\"image\":{\"@id\":\"https:\/\/xerxa-shpk.com\/#\/schema\/logo\/image\/\"}}]}<\/script>\n<!-- \/ Yoast SEO plugin. -->","yoast_head_json":{"title":"Services - X\u00ebrxa Hidro Group SHPK","robots":{"index":"index","follow":"follow","max-snippet":"max-snippet:-1","max-image-preview":"max-image-preview:large","max-video-preview":"max-video-preview:-1"},"canonical":"https:\/\/xerxa-shpk.com\/sq\/services\/","og_locale":"sq_AL","og_type":"article","og_title":"Services - X\u00ebrxa Hidro Group SHPK","og_description":"Water is an essential part of our daily lives, and a reliable and sustainable supply of clean water is critical for the health and well-being of individuals, communities, and the environment. At our water supply company, we are dedicated to providing innovative and effective water supply solutions that meet the evolving needs of our clients....","og_url":"https:\/\/xerxa-shpk.com\/sq\/services\/","og_site_name":"X\u00ebrxa Hidro Group SHPK","article_modified_time":"2023-03-31T13:31:53+00:00","og_image":[{"width":1500,"height":844,"url":"https:\/\/xerxa-shpk.com\/wp-content\/uploads\/2023\/01\/005.jpg","type":"image\/jpeg"}],"twitter_card":"summary_large_image","twitter_misc":{"Est. reading time":"1 minut\u00eb"},"schema":{"@context":"https:\/\/schema.org","@graph":[{"@type":"WebPage","@id":"https:\/\/xerxa-shpk.com\/services\/","url":"https:\/\/xerxa-shpk.com\/services\/","name":"Services - X\u00ebrxa Hidro Group SHPK","isPartOf":{"@id":"https:\/\/xerxa-shpk.com\/#website"},"primaryImageOfPage":{"@id":"https:\/\/xerxa-shpk.com\/services\/#primaryimage"},"image":{"@id":"https:\/\/xerxa-shpk.com\/services\/#primaryimage"},"thumbnailUrl":"https:\/\/xerxa-shpk.com\/wp-content\/uploads\/2023\/01\/005.jpg","datePublished":"2022-12-31T14:15:08+00:00","dateModified":"2023-03-31T13:31:53+00:00","breadcrumb":{"@id":"https:\/\/xerxa-shpk.com\/services\/#breadcrumb"},"inLanguage":"sq","potentialAction":[{"@type":"ReadAction","target":["https:\/\/xerxa-shpk.com\/services\/"]}]},{"@type":"ImageObject","inLanguage":"sq","@id":"https:\/\/xerxa-shpk.com\/services\/#primaryimage","url":"https:\/\/xerxa-shpk.com\/wp-content\/uploads\/2023\/01\/005.jpg","contentUrl":"https:\/\/xerxa-shpk.com\/wp-content\/uploads\/2023\/01\/005.jpg"},{"@type":"BreadcrumbList","@id":"https:\/\/xerxa-shpk.com\/services\/#breadcrumb","itemListElement":[{"@type":"ListItem","position":1,"name":"Home","item":"https:\/\/xerxa-shpk.com\/"},{"@type":"ListItem","position":2,"name":"Services"}]},{"@type":"WebSite","@id":"https:\/\/xerxa-shpk.com\/#website","url":"https:\/\/xerxa-shpk.com\/","name":"X\u00ebrxa Hidro Group SHPK","description":"A drop of water, for a lifetime","publisher":{"@id":"https:\/\/xerxa-shpk.com\/#organization"},"potentialAction":[{"@type":"SearchAction","target":{"@type":"EntryPoint","urlTemplate":"https:\/\/xerxa-shpk.com\/?s={search_term_string}"},"query-input":{"@type":"PropertyValueSpecification","valueRequired":true,"valueName":"search_term_string"}}],"inLanguage":"sq"},{"@type":"Organization","@id":"https:\/\/xerxa-shpk.com\/#organization","name":"X\u00ebrxa Hidro Group SHPK","url":"https:\/\/xerxa-shpk.com\/","logo":{"@type":"ImageObject","inLanguage":"sq","@id":"https:\/\/xerxa-shpk.com\/#\/schema\/logo\/image\/","url":"https:\/\/xerxa-shpk.com\/wp-content\/uploads\/2023\/02\/xerxa-blue.svg","contentUrl":"https:\/\/xerxa-shpk.com\/wp-content\/uploads\/2023\/02\/xerxa-blue.svg","width":603,"height":183,"caption":"X\u00ebrxa Hidro Group SHPK"},"image":{"@id":"https:\/\/xerxa-shpk.com\/#\/schema\/logo\/image\/"}}]}},"_links":{"self":[{"href":"https:\/\/xerxa-shpk.com\/sq\/wp-json\/wp\/v2\/pages\/15","targetHints":{"allow":["GET"]}}],"collection":[{"href":"https:\/\/xerxa-shpk.com\/sq\/wp-json\/wp\/v2\/pages"}],"about":[{"href":"https:\/\/xerxa-shpk.com\/sq\/wp-json\/wp\/v2\/types\/page"}],"author":[{"embeddable":true,"href":"https:\/\/xerxa-shpk.com\/sq\/wp-json\/wp\/v2\/users\/1"}],"replies":[{"embeddable":true,"href":"https:\/\/xerxa-shpk.com\/sq\/wp-json\/wp\/v2\/comments?post=15"}],"version-history":[{"count":5,"href":"https:\/\/xerxa-shpk.com\/sq\/wp-json\/wp\/v2\/pages\/15\/revisions"}],"predecessor-version":[{"id":1427,"href":"https:\/\/xerxa-shpk.com\/sq\/wp-json\/wp\/v2\/pages\/15\/revisions\/1427"}],"wp:attachment":[{"href":"https:\/\/xerxa-shpk.com\/sq\/wp-json\/wp\/v2\/media?parent=15"}],"curies":[{"name":"wp","href":"https:\/\/api.w.org\/{rel}","templated":true}]}}