{"id":1518,"date":"2025-05-07T21:27:46","date_gmt":"2025-05-07T21:27:46","guid":{"rendered":"https:\/\/xerxa-shpk.com\/?page_id=1518"},"modified":"2025-05-07T21:33:42","modified_gmt":"2025-05-07T21:33:42","slug":"imprint","status":"publish","type":"page","link":"https:\/\/xerxa-shpk.com\/sq\/imprint\/","title":{"rendered":"Imprint"},"content":{"rendered":"<div data-elementor-type=\"wp-page\" data-elementor-id=\"1518\" class=\"elementor elementor-1518\" data-elementor-post-type=\"page\">\n\t\t\t\t\t\t<section class=\"elementor-section elementor-top-section elementor-element elementor-element-d4ead2b elementor-section-boxed elementor-section-height-default elementor-section-height-default\" data-id=\"d4ead2b\" data-element_type=\"section\" data-e-type=\"section\">\n\t\t\t\t\t\t<div class=\"elementor-container elementor-column-gap-default\">\n\t\t\t\t\t<div class=\"elementor-column elementor-col-100 elementor-top-column elementor-element elementor-element-e30205f\" data-id=\"e30205f\" data-element_type=\"column\" data-e-type=\"column\">\n\t\t\t<div class=\"elementor-widget-wrap elementor-element-populated\">\n\t\t\t\t\t\t<div class=\"elementor-element elementor-element-061eeff elementor-widget elementor-widget-text-editor\" data-id=\"061eeff\" data-element_type=\"widget\" data-e-type=\"widget\" data-widget_type=\"text-editor.default\">\n\t\t\t\t<div class=\"elementor-widget-container\">\n\t\t\t\t\t\t\t\t\t<h1>Imprint<\/h1><p><strong>Company Name:<\/strong> X\u00ebrxa Hidro Group SHPK<\/p><p><strong>Registered Address:<\/strong> Eksodi 99, 21060 X\u00ebrx\u00eb, Kosovo<\/p><p><strong>Phone:<\/strong> +383 48 800 160 \/ +383 44 800 160<\/p><p><strong>Email:<\/strong> xerxa.npt@gmail.com<\/p><p><strong>Website:<\/strong> <a href=\"https:\/\/xerxa-shpk.com\/sq\/\">www.xerxa-shpk.com<\/a><\/p><p><strong>Company Registration Number:<\/strong> 812248327<\/p><p><strong>VAT ID:<\/strong> 330636227<\/p><p><strong>Responsible for Content:<\/strong> X\u00ebrxa Hidro Group SHPK<\/p><p><strong>Legal Disclaimer:<\/strong> The information provided on this website is for general informational purposes only.<br \/>While we strive to ensure accuracy, we do not guarantee the completeness or reliability of the content.<br \/>X\u00ebrxa Hidro Group SHPK is not liable for any damages resulting from the use of this website.<\/p><p>\u00a0<\/p>\t\t\t\t\t\t\t\t<\/div>\n\t\t\t\t<\/div>\n\t\t\t\t\t<\/div>\n\t\t<\/div>\n\t\t\t\t\t<\/div>\n\t\t<\/section>\n\t\t\t\t<\/div>","protected":false},"excerpt":{"rendered":"<p>Imprint Company Name: X\u00ebrxa Hidro Group SHPK Registered Address: Eksodi 99, 21060 X\u00ebrx\u00eb, Kosovo Phone: +383 48 800 160 \/ +383 44 800 160 Email: xerxa.npt@gmail.com Website: www.xerxa-shpk.com Company Registration Number: 812248327 VAT ID: 330636227 Responsible for Content: X\u00ebrxa Hidro Group SHPK Legal Disclaimer: The information provided on this website is for general informational purposes&#8230;<\/p>","protected":false},"author":1,"featured_media":0,"parent":0,"menu_order":0,"comment_status":"closed","ping_status":"closed","template":"","meta":{"inline_featured_image":false,"_kad_post_transparent":"default","_kad_post_title":"hide","_kad_post_layout":"fullwidth","_kad_post_sidebar_id":"","_kad_post_content_style":"unboxed","_kad_post_vertical_padding":"hide","_kad_post_feature":"hide","_kad_post_feature_position":"","_kad_post_header":false,"_kad_post_footer":false,"_kad_post_classname":"","footnotes":""},"class_list":["post-1518","page","type-page","status-publish","hentry"],"yoast_head":"<!-- This site is optimized with the Yoast SEO plugin v27.2 - https:\/\/yoast.com\/product\/yoast-seo-wordpress\/ -->\n<title>Imprint - X\u00ebrxa Hidro Group SHPK<\/title>\n<meta name=\"robots\" content=\"index, follow, max-snippet:-1, max-image-preview:large, max-video-preview:-1\" \/>\n<link rel=\"canonical\" href=\"https:\/\/xerxa-shpk.com\/sq\/imprint\/\" \/>\n<meta property=\"og:locale\" content=\"sq_AL\" \/>\n<meta property=\"og:type\" content=\"article\" \/>\n<meta property=\"og:title\" content=\"Imprint - X\u00ebrxa Hidro Group SHPK\" \/>\n<meta property=\"og:description\" content=\"Imprint Company Name: X\u00ebrxa Hidro Group SHPK Registered Address: Eksodi 99, 21060 X\u00ebrx\u00eb, Kosovo Phone: +383 48 800 160 \/ +383 44 800 160 Email: xerxa.npt@gmail.com Website: www.xerxa-shpk.com Company Registration Number: 812248327 VAT ID: 330636227 Responsible for Content: X\u00ebrxa Hidro Group SHPK Legal Disclaimer: The information provided on this website is for general informational purposes...\" \/>\n<meta property=\"og:url\" content=\"https:\/\/xerxa-shpk.com\/sq\/imprint\/\" \/>\n<meta property=\"og:site_name\" content=\"X\u00ebrxa Hidro Group SHPK\" \/>\n<meta property=\"article:modified_time\" content=\"2025-05-07T21:33:42+00:00\" \/>\n<meta name=\"twitter:card\" content=\"summary_large_image\" \/>\n<script type=\"application\/ld+json\" class=\"yoast-schema-graph\">{\"@context\":\"https:\/\/schema.org\",\"@graph\":[{\"@type\":\"WebPage\",\"@id\":\"https:\/\/xerxa-shpk.com\/imprint\/\",\"url\":\"https:\/\/xerxa-shpk.com\/imprint\/\",\"name\":\"Imprint - X\u00ebrxa Hidro Group SHPK\",\"isPartOf\":{\"@id\":\"https:\/\/xerxa-shpk.com\/#website\"},\"datePublished\":\"2025-05-07T21:27:46+00:00\",\"dateModified\":\"2025-05-07T21:33:42+00:00\",\"breadcrumb\":{\"@id\":\"https:\/\/xerxa-shpk.com\/imprint\/#breadcrumb\"},\"inLanguage\":\"sq\",\"potentialAction\":[{\"@type\":\"ReadAction\",\"target\":[\"https:\/\/xerxa-shpk.com\/imprint\/\"]}]},{\"@type\":\"BreadcrumbList\",\"@id\":\"https:\/\/xerxa-shpk.com\/imprint\/#breadcrumb\",\"itemListElement\":[{\"@type\":\"ListItem\",\"position\":1,\"name\":\"Home\",\"item\":\"https:\/\/xerxa-shpk.com\/\"},{\"@type\":\"ListItem\",\"position\":2,\"name\":\"Imprint\"}]},{\"@type\":\"WebSite\",\"@id\":\"https:\/\/xerxa-shpk.com\/#website\",\"url\":\"https:\/\/xerxa-shpk.com\/\",\"name\":\"X\u00ebrxa Hidro Group SHPK\",\"description\":\"A drop of water, for a lifetime\",\"publisher\":{\"@id\":\"https:\/\/xerxa-shpk.com\/#organization\"},\"potentialAction\":[{\"@type\":\"SearchAction\",\"target\":{\"@type\":\"EntryPoint\",\"urlTemplate\":\"https:\/\/xerxa-shpk.com\/?s={search_term_string}\"},\"query-input\":{\"@type\":\"PropertyValueSpecification\",\"valueRequired\":true,\"valueName\":\"search_term_string\"}}],\"inLanguage\":\"sq\"},{\"@type\":\"Organization\",\"@id\":\"https:\/\/xerxa-shpk.com\/#organization\",\"name\":\"X\u00ebrxa Hidro Group SHPK\",\"url\":\"https:\/\/xerxa-shpk.com\/\",\"logo\":{\"@type\":\"ImageObject\",\"inLanguage\":\"sq\",\"@id\":\"https:\/\/xerxa-shpk.com\/#\/schema\/logo\/image\/\",\"url\":\"https:\/\/xerxa-shpk.com\/wp-content\/uploads\/2023\/02\/xerxa-blue.svg\",\"contentUrl\":\"https:\/\/xerxa-shpk.com\/wp-content\/uploads\/2023\/02\/xerxa-blue.svg\",\"width\":603,\"height\":183,\"caption\":\"X\u00ebrxa Hidro Group SHPK\"},\"image\":{\"@id\":\"https:\/\/xerxa-shpk.com\/#\/schema\/logo\/image\/\"}}]}<\/script>\n<!-- \/ Yoast SEO plugin. -->","yoast_head_json":{"title":"Imprint - X\u00ebrxa Hidro Group SHPK","robots":{"index":"index","follow":"follow","max-snippet":"max-snippet:-1","max-image-preview":"max-image-preview:large","max-video-preview":"max-video-preview:-1"},"canonical":"https:\/\/xerxa-shpk.com\/sq\/imprint\/","og_locale":"sq_AL","og_type":"article","og_title":"Imprint - X\u00ebrxa Hidro Group SHPK","og_description":"Imprint Company Name: X\u00ebrxa Hidro Group SHPK Registered Address: Eksodi 99, 21060 X\u00ebrx\u00eb, Kosovo Phone: +383 48 800 160 \/ +383 44 800 160 Email: xerxa.npt@gmail.com Website: www.xerxa-shpk.com Company Registration Number: 812248327 VAT ID: 330636227 Responsible for Content: X\u00ebrxa Hidro Group SHPK Legal Disclaimer: The information provided on this website is for general informational purposes...","og_url":"https:\/\/xerxa-shpk.com\/sq\/imprint\/","og_site_name":"X\u00ebrxa Hidro Group SHPK","article_modified_time":"2025-05-07T21:33:42+00:00","twitter_card":"summary_large_image","schema":{"@context":"https:\/\/schema.org","@graph":[{"@type":"WebPage","@id":"https:\/\/xerxa-shpk.com\/imprint\/","url":"https:\/\/xerxa-shpk.com\/imprint\/","name":"Imprint - X\u00ebrxa Hidro Group SHPK","isPartOf":{"@id":"https:\/\/xerxa-shpk.com\/#website"},"datePublished":"2025-05-07T21:27:46+00:00","dateModified":"2025-05-07T21:33:42+00:00","breadcrumb":{"@id":"https:\/\/xerxa-shpk.com\/imprint\/#breadcrumb"},"inLanguage":"sq","potentialAction":[{"@type":"ReadAction","target":["https:\/\/xerxa-shpk.com\/imprint\/"]}]},{"@type":"BreadcrumbList","@id":"https:\/\/xerxa-shpk.com\/imprint\/#breadcrumb","itemListElement":[{"@type":"ListItem","position":1,"name":"Home","item":"https:\/\/xerxa-shpk.com\/"},{"@type":"ListItem","position":2,"name":"Imprint"}]},{"@type":"WebSite","@id":"https:\/\/xerxa-shpk.com\/#website","url":"https:\/\/xerxa-shpk.com\/","name":"X\u00ebrxa Hidro Group SHPK","description":"A drop of water, for a lifetime","publisher":{"@id":"https:\/\/xerxa-shpk.com\/#organization"},"potentialAction":[{"@type":"SearchAction","target":{"@type":"EntryPoint","urlTemplate":"https:\/\/xerxa-shpk.com\/?s={search_term_string}"},"query-input":{"@type":"PropertyValueSpecification","valueRequired":true,"valueName":"search_term_string"}}],"inLanguage":"sq"},{"@type":"Organization","@id":"https:\/\/xerxa-shpk.com\/#organization","name":"X\u00ebrxa Hidro Group SHPK","url":"https:\/\/xerxa-shpk.com\/","logo":{"@type":"ImageObject","inLanguage":"sq","@id":"https:\/\/xerxa-shpk.com\/#\/schema\/logo\/image\/","url":"https:\/\/xerxa-shpk.com\/wp-content\/uploads\/2023\/02\/xerxa-blue.svg","contentUrl":"https:\/\/xerxa-shpk.com\/wp-content\/uploads\/2023\/02\/xerxa-blue.svg","width":603,"height":183,"caption":"X\u00ebrxa Hidro Group SHPK"},"image":{"@id":"https:\/\/xerxa-shpk.com\/#\/schema\/logo\/image\/"}}]}},"_links":{"self":[{"href":"https:\/\/xerxa-shpk.com\/sq\/wp-json\/wp\/v2\/pages\/1518","targetHints":{"allow":["GET"]}}],"collection":[{"href":"https:\/\/xerxa-shpk.com\/sq\/wp-json\/wp\/v2\/pages"}],"about":[{"href":"https:\/\/xerxa-shpk.com\/sq\/wp-json\/wp\/v2\/types\/page"}],"author":[{"embeddable":true,"href":"https:\/\/xerxa-shpk.com\/sq\/wp-json\/wp\/v2\/users\/1"}],"replies":[{"embeddable":true,"href":"https:\/\/xerxa-shpk.com\/sq\/wp-json\/wp\/v2\/comments?post=1518"}],"version-history":[{"count":4,"href":"https:\/\/xerxa-shpk.com\/sq\/wp-json\/wp\/v2\/pages\/1518\/revisions"}],"predecessor-version":[{"id":1523,"href":"https:\/\/xerxa-shpk.com\/sq\/wp-json\/wp\/v2\/pages\/1518\/revisions\/1523"}],"wp:attachment":[{"href":"https:\/\/xerxa-shpk.com\/sq\/wp-json\/wp\/v2\/media?parent=1518"}],"curies":[{"name":"wp","href":"https:\/\/api.w.org\/{rel}","templated":true}]}}