{"id":19,"date":"2022-12-31T14:17:10","date_gmt":"2022-12-31T14:17:10","guid":{"rendered":"https:\/\/xerxa-npt.com\/site\/?page_id=19"},"modified":"2025-05-13T21:49:32","modified_gmt":"2025-05-13T21:49:32","slug":"sales-department","status":"publish","type":"page","link":"https:\/\/xerxa-shpk.com\/sq\/sales-department\/","title":{"rendered":"Departamenti i Shitjeve"},"content":{"rendered":"<div data-elementor-type=\"wp-page\" data-elementor-id=\"19\" class=\"elementor elementor-19\" data-elementor-post-type=\"page\">\n\t\t\t\t\t\t<section class=\"elementor-section elementor-top-section elementor-element elementor-element-3e317c7 elementor-section-boxed elementor-section-height-default elementor-section-height-default\" data-id=\"3e317c7\" data-element_type=\"section\" data-e-type=\"section\" data-settings=\"{&quot;background_background&quot;:&quot;classic&quot;}\">\n\t\t\t\t\t\t<div class=\"elementor-container elementor-column-gap-default\">\n\t\t\t\t\t<div class=\"elementor-column elementor-col-100 elementor-top-column elementor-element elementor-element-778dc19\" data-id=\"778dc19\" data-element_type=\"column\" data-e-type=\"column\">\n\t\t\t<div class=\"elementor-widget-wrap elementor-element-populated\">\n\t\t\t\t\t\t<div class=\"elementor-element elementor-element-2ff786c elementor-widget elementor-widget-heading\" data-id=\"2ff786c\" data-element_type=\"widget\" data-e-type=\"widget\" data-widget_type=\"heading.default\">\n\t\t\t\t<div class=\"elementor-widget-container\">\n\t\t\t\t\t<h1 class=\"elementor-heading-title elementor-size-default\">Departamenti i Shitjeve<\/h1>\t\t\t\t<\/div>\n\t\t\t\t<\/div>\n\t\t\t\t\t<\/div>\n\t\t<\/div>\n\t\t\t\t\t<\/div>\n\t\t<\/section>\n\t\t\t\t<section class=\"elementor-section elementor-top-section elementor-element elementor-element-be52fc1 elementor-reverse-tablet elementor-reverse-mobile elementor-section-boxed elementor-section-height-default elementor-section-height-default\" data-id=\"be52fc1\" data-element_type=\"section\" data-e-type=\"section\">\n\t\t\t\t\t\t<div class=\"elementor-container elementor-column-gap-default\">\n\t\t\t\t\t<div class=\"elementor-column elementor-col-100 elementor-top-column elementor-element elementor-element-5f31c7d\" data-id=\"5f31c7d\" data-element_type=\"column\" data-e-type=\"column\">\n\t\t\t<div class=\"elementor-widget-wrap elementor-element-populated\">\n\t\t\t\t\t\t<section class=\"elementor-section elementor-inner-section elementor-element elementor-element-a840163 elementor-section-content-middle elementor-reverse-mobile elementor-section-boxed elementor-section-height-default elementor-section-height-default\" data-id=\"a840163\" data-element_type=\"section\" data-e-type=\"section\">\n\t\t\t\t\t\t<div class=\"elementor-container elementor-column-gap-default\">\n\t\t\t\t\t<div class=\"elementor-column elementor-col-50 elementor-inner-column elementor-element elementor-element-68b7054\" data-id=\"68b7054\" data-element_type=\"column\" data-e-type=\"column\">\n\t\t\t<div class=\"elementor-widget-wrap elementor-element-populated\">\n\t\t\t\t\t\t<div class=\"elementor-element elementor-element-0e24a05 elementor-widget elementor-widget-text-editor\" data-id=\"0e24a05\" data-element_type=\"widget\" data-e-type=\"widget\" data-widget_type=\"text-editor.default\">\n\t\t\t\t<div class=\"elementor-widget-container\">\n\t\t\t\t\t\t\t\t\t<p>Departamenti i shitjeve i kompanis\u00eb son\u00eb \u00ebsht\u00eb i p\u00ebrkushtuar p\u00ebr t\u00eb ofruar mb\u00ebshtetje dhe udh\u00ebzime nga ekspert\u00eb p\u00ebr klient\u00ebt q\u00eb k\u00ebrkojn\u00eb zgjidhjet m\u00eb t\u00eb mira t\u00eb furnizimit me uj\u00eb. Ekipi yn\u00eb i profesionist\u00ebve t\u00eb shitjeve me njohuri dhe p\u00ebrvoj\u00eb do t\u00eb punoj\u00eb me ju p\u00ebr t\u00eb kuptuar nevojat tuaja dhe p\u00ebr t'ju ndihmuar t\u00eb gjeni produktet e duhura p\u00ebr k\u00ebrkesat tuaja specifike.<\/p><p>Kompania jon\u00eb mban marr\u00ebdh\u00ebnie t\u00eb forta me nj\u00eb gam\u00eb t\u00eb gjer\u00eb furnizuesish t\u00eb provuar dhe t\u00eb testuar n\u00eb t\u00eb gjith\u00eb bot\u00ebn. Ky rrjet i fort\u00eb i zinxhirit t\u00eb furnizimit na mund\u00ebson t\u00eb ofrojm\u00eb fleksibilitet, duke menaxhuar ndryshimet nd\u00ebrkoh\u00eb q\u00eb ruajm\u00eb cil\u00ebsin\u00eb. P\u00ebr t'u siguruar klient\u00ebve tan\u00eb p\u00ebr cil\u00ebsin\u00eb e produkteve dhe se ato jan\u00eb n\u00eb p\u00ebrputhje me praktikat m\u00eb t\u00eb mira nd\u00ebrkomb\u00ebtare n\u00eb projektimin dhe nd\u00ebrtimin e q\u00ebndruesh\u00ebm, ne bashk\u00ebpunojm\u00eb me lider\u00ebt e industris\u00eb dhe krijojm\u00eb partneritete afatgjata.<\/p>\t\t\t\t\t\t\t\t<\/div>\n\t\t\t\t<\/div>\n\t\t\t\t\t<\/div>\n\t\t<\/div>\n\t\t\t\t<div class=\"elementor-column elementor-col-50 elementor-inner-column elementor-element elementor-element-1c4214e\" data-id=\"1c4214e\" data-element_type=\"column\" data-e-type=\"column\">\n\t\t\t<div class=\"elementor-widget-wrap elementor-element-populated\">\n\t\t\t\t\t\t<div class=\"elementor-element elementor-element-5066505 elementor-widget elementor-widget-image\" data-id=\"5066505\" data-element_type=\"widget\" data-e-type=\"widget\" data-widget_type=\"image.default\">\n\t\t\t\t<div class=\"elementor-widget-container\">\n\t\t\t\t\t\t\t\t\t\t\t\t\t\t\t<img fetchpriority=\"high\" decoding=\"async\" width=\"1024\" height=\"579\" src=\"https:\/\/xerxa-shpk.com\/wp-content\/uploads\/2023\/03\/sales-management-1024x579.jpg\" class=\"attachment-large size-large wp-image-1302\" alt=\"\" srcset=\"https:\/\/xerxa-shpk.com\/wp-content\/uploads\/2023\/03\/sales-management-1024x579.jpg 1024w, https:\/\/xerxa-shpk.com\/wp-content\/uploads\/2023\/03\/sales-management-300x170.jpg 300w, https:\/\/xerxa-shpk.com\/wp-content\/uploads\/2023\/03\/sales-management-768x435.jpg 768w, https:\/\/xerxa-shpk.com\/wp-content\/uploads\/2023\/03\/sales-management-600x340.jpg 600w, https:\/\/xerxa-shpk.com\/wp-content\/uploads\/2023\/03\/sales-management-64x36.jpg 64w, https:\/\/xerxa-shpk.com\/wp-content\/uploads\/2023\/03\/sales-management.jpg 1161w\" sizes=\"(max-width: 1024px) 100vw, 1024px\" \/>\t\t\t\t\t\t\t\t\t\t\t\t\t\t\t<\/div>\n\t\t\t\t<\/div>\n\t\t\t\t\t<\/div>\n\t\t<\/div>\n\t\t\t\t\t<\/div>\n\t\t<\/section>\n\t\t\t\t<div class=\"elementor-element elementor-element-4b29ff5 elementor-widget elementor-widget-text-editor\" data-id=\"4b29ff5\" data-element_type=\"widget\" data-e-type=\"widget\" data-widget_type=\"text-editor.default\">\n\t\t\t\t<div class=\"elementor-widget-container\">\n\t\t\t\t\t\t\t\t\t<p>Ne ofrojm\u00eb nj\u00eb gam\u00eb t\u00eb gjer\u00eb produktesh p\u00ebr furnizimin me uj\u00eb, nga komponent\u00ebt thelb\u00ebsor\u00eb deri te sistemet e plota. Produktet tona njihen p\u00ebr cil\u00ebsin\u00eb, q\u00ebndrueshm\u00ebrin\u00eb dhe besueshm\u00ebrin\u00eb e tyre, dhe ne jemi t\u00eb p\u00ebrkushtuar t'u ofrojm\u00eb klient\u00ebve tan\u00eb zgjidhjet m\u00eb t\u00eb mira t\u00eb mundshme. P\u00ebr m\u00eb shum\u00eb informacion, ju lutemi vizitoni seksionin e produkteve dhe\/ose na kontaktoni p\u00ebr t\u00eb m\u00ebsuar m\u00eb shum\u00eb dhe ne jemi n\u00eb dispozicion p\u00ebr t'iu p\u00ebrgjigjur \u00e7do pyetjeje q\u00eb mund t\u00eb keni, dhe jemi t\u00eb p\u00ebrkushtuar t'ju ofrojm\u00eb informacionin e duhur q\u00eb ju nevojitet p\u00ebr t\u00eb marr\u00eb vendime t\u00eb informuara.<\/p>\t\t\t\t\t\t\t\t<\/div>\n\t\t\t\t<\/div>\n\t\t\t\t\t<\/div>\n\t\t<\/div>\n\t\t\t\t\t<\/div>\n\t\t<\/section>\n\t\t\t\t<\/div>","protected":false},"excerpt":{"rendered":"<p>Our company\u2019s sales department is dedicated to providing expert support and guidance to customers looking for the best water supply solutions. Our team of knowledgeable and experienced sales professionals will work with you to understand your needs and help you find the right products for your specific requirements. Our company maintains strong relationships with a&#8230;<\/p>","protected":false},"author":1,"featured_media":0,"parent":0,"menu_order":0,"comment_status":"closed","ping_status":"closed","template":"elementor_header_footer","meta":{"inline_featured_image":false,"_kad_post_transparent":"default","_kad_post_title":"hide","_kad_post_layout":"fullwidth","_kad_post_sidebar_id":"","_kad_post_content_style":"unboxed","_kad_post_vertical_padding":"hide","_kad_post_feature":"hide","_kad_post_feature_position":"","_kad_post_header":false,"_kad_post_footer":false,"_kad_post_classname":"","footnotes":""},"class_list":["post-19","page","type-page","status-publish","hentry"],"yoast_head":"<!-- This site is optimized with the Yoast SEO plugin v27.2 - https:\/\/yoast.com\/product\/yoast-seo-wordpress\/ -->\n<title>Sales Department - X\u00ebrxa Hidro Group SHPK<\/title>\n<meta name=\"robots\" content=\"index, follow, max-snippet:-1, max-image-preview:large, max-video-preview:-1\" \/>\n<link rel=\"canonical\" href=\"https:\/\/xerxa-shpk.com\/sq\/sales-department\/\" \/>\n<meta property=\"og:locale\" content=\"sq_AL\" \/>\n<meta property=\"og:type\" content=\"article\" \/>\n<meta property=\"og:title\" content=\"Sales Department - X\u00ebrxa Hidro Group SHPK\" \/>\n<meta property=\"og:description\" content=\"Our company\u2019s sales department is dedicated to providing expert support and guidance to customers looking for the best water supply solutions. Our team of knowledgeable and experienced sales professionals will work with you to understand your needs and help you find the right products for your specific requirements. Our company maintains strong relationships with a...\" \/>\n<meta property=\"og:url\" content=\"https:\/\/xerxa-shpk.com\/sq\/sales-department\/\" \/>\n<meta property=\"og:site_name\" content=\"X\u00ebrxa Hidro Group SHPK\" \/>\n<meta property=\"article:modified_time\" content=\"2025-05-13T21:49:32+00:00\" \/>\n<meta property=\"og:image\" content=\"https:\/\/xerxa-shpk.com\/wp-content\/uploads\/2023\/03\/sales-management.jpg\" \/>\n\t<meta property=\"og:image:width\" content=\"1161\" \/>\n\t<meta property=\"og:image:height\" content=\"657\" \/>\n\t<meta property=\"og:image:type\" content=\"image\/jpeg\" \/>\n<meta name=\"twitter:card\" content=\"summary_large_image\" \/>\n<meta name=\"twitter:label1\" content=\"Est. reading time\" \/>\n\t<meta name=\"twitter:data1\" content=\"2 minuta\" \/>\n<script type=\"application\/ld+json\" class=\"yoast-schema-graph\">{\"@context\":\"https:\/\/schema.org\",\"@graph\":[{\"@type\":\"WebPage\",\"@id\":\"https:\/\/xerxa-shpk.com\/sales-department\/\",\"url\":\"https:\/\/xerxa-shpk.com\/sales-department\/\",\"name\":\"Sales Department - X\u00ebrxa Hidro Group SHPK\",\"isPartOf\":{\"@id\":\"https:\/\/xerxa-shpk.com\/#website\"},\"primaryImageOfPage\":{\"@id\":\"https:\/\/xerxa-shpk.com\/sales-department\/#primaryimage\"},\"image\":{\"@id\":\"https:\/\/xerxa-shpk.com\/sales-department\/#primaryimage\"},\"thumbnailUrl\":\"https:\/\/xerxa-shpk.com\/wp-content\/uploads\/2023\/03\/sales-management-1024x579.jpg\",\"datePublished\":\"2022-12-31T14:17:10+00:00\",\"dateModified\":\"2025-05-13T21:49:32+00:00\",\"breadcrumb\":{\"@id\":\"https:\/\/xerxa-shpk.com\/sales-department\/#breadcrumb\"},\"inLanguage\":\"sq\",\"potentialAction\":[{\"@type\":\"ReadAction\",\"target\":[\"https:\/\/xerxa-shpk.com\/sales-department\/\"]}]},{\"@type\":\"ImageObject\",\"inLanguage\":\"sq\",\"@id\":\"https:\/\/xerxa-shpk.com\/sales-department\/#primaryimage\",\"url\":\"https:\/\/xerxa-shpk.com\/wp-content\/uploads\/2023\/03\/sales-management-1024x579.jpg\",\"contentUrl\":\"https:\/\/xerxa-shpk.com\/wp-content\/uploads\/2023\/03\/sales-management-1024x579.jpg\"},{\"@type\":\"BreadcrumbList\",\"@id\":\"https:\/\/xerxa-shpk.com\/sales-department\/#breadcrumb\",\"itemListElement\":[{\"@type\":\"ListItem\",\"position\":1,\"name\":\"Home\",\"item\":\"https:\/\/xerxa-shpk.com\/\"},{\"@type\":\"ListItem\",\"position\":2,\"name\":\"Sales Department\"}]},{\"@type\":\"WebSite\",\"@id\":\"https:\/\/xerxa-shpk.com\/#website\",\"url\":\"https:\/\/xerxa-shpk.com\/\",\"name\":\"X\u00ebrxa Hidro Group SHPK\",\"description\":\"A drop of water, for a lifetime\",\"publisher\":{\"@id\":\"https:\/\/xerxa-shpk.com\/#organization\"},\"potentialAction\":[{\"@type\":\"SearchAction\",\"target\":{\"@type\":\"EntryPoint\",\"urlTemplate\":\"https:\/\/xerxa-shpk.com\/?s={search_term_string}\"},\"query-input\":{\"@type\":\"PropertyValueSpecification\",\"valueRequired\":true,\"valueName\":\"search_term_string\"}}],\"inLanguage\":\"sq\"},{\"@type\":\"Organization\",\"@id\":\"https:\/\/xerxa-shpk.com\/#organization\",\"name\":\"X\u00ebrxa Hidro Group SHPK\",\"url\":\"https:\/\/xerxa-shpk.com\/\",\"logo\":{\"@type\":\"ImageObject\",\"inLanguage\":\"sq\",\"@id\":\"https:\/\/xerxa-shpk.com\/#\/schema\/logo\/image\/\",\"url\":\"https:\/\/xerxa-shpk.com\/wp-content\/uploads\/2023\/02\/xerxa-blue.svg\",\"contentUrl\":\"https:\/\/xerxa-shpk.com\/wp-content\/uploads\/2023\/02\/xerxa-blue.svg\",\"width\":603,\"height\":183,\"caption\":\"X\u00ebrxa Hidro Group SHPK\"},\"image\":{\"@id\":\"https:\/\/xerxa-shpk.com\/#\/schema\/logo\/image\/\"}}]}<\/script>\n<!-- \/ Yoast SEO plugin. -->","yoast_head_json":{"title":"Sales Department - X\u00ebrxa Hidro Group SHPK","robots":{"index":"index","follow":"follow","max-snippet":"max-snippet:-1","max-image-preview":"max-image-preview:large","max-video-preview":"max-video-preview:-1"},"canonical":"https:\/\/xerxa-shpk.com\/sq\/sales-department\/","og_locale":"sq_AL","og_type":"article","og_title":"Sales Department - X\u00ebrxa Hidro Group SHPK","og_description":"Our company\u2019s sales department is dedicated to providing expert support and guidance to customers looking for the best water supply solutions. Our team of knowledgeable and experienced sales professionals will work with you to understand your needs and help you find the right products for your specific requirements. Our company maintains strong relationships with a...","og_url":"https:\/\/xerxa-shpk.com\/sq\/sales-department\/","og_site_name":"X\u00ebrxa Hidro Group SHPK","article_modified_time":"2025-05-13T21:49:32+00:00","og_image":[{"width":1161,"height":657,"url":"https:\/\/xerxa-shpk.com\/wp-content\/uploads\/2023\/03\/sales-management.jpg","type":"image\/jpeg"}],"twitter_card":"summary_large_image","twitter_misc":{"Est. reading time":"2 minuta"},"schema":{"@context":"https:\/\/schema.org","@graph":[{"@type":"WebPage","@id":"https:\/\/xerxa-shpk.com\/sales-department\/","url":"https:\/\/xerxa-shpk.com\/sales-department\/","name":"Sales Department - X\u00ebrxa Hidro Group SHPK","isPartOf":{"@id":"https:\/\/xerxa-shpk.com\/#website"},"primaryImageOfPage":{"@id":"https:\/\/xerxa-shpk.com\/sales-department\/#primaryimage"},"image":{"@id":"https:\/\/xerxa-shpk.com\/sales-department\/#primaryimage"},"thumbnailUrl":"https:\/\/xerxa-shpk.com\/wp-content\/uploads\/2023\/03\/sales-management-1024x579.jpg","datePublished":"2022-12-31T14:17:10+00:00","dateModified":"2025-05-13T21:49:32+00:00","breadcrumb":{"@id":"https:\/\/xerxa-shpk.com\/sales-department\/#breadcrumb"},"inLanguage":"sq","potentialAction":[{"@type":"ReadAction","target":["https:\/\/xerxa-shpk.com\/sales-department\/"]}]},{"@type":"ImageObject","inLanguage":"sq","@id":"https:\/\/xerxa-shpk.com\/sales-department\/#primaryimage","url":"https:\/\/xerxa-shpk.com\/wp-content\/uploads\/2023\/03\/sales-management-1024x579.jpg","contentUrl":"https:\/\/xerxa-shpk.com\/wp-content\/uploads\/2023\/03\/sales-management-1024x579.jpg"},{"@type":"BreadcrumbList","@id":"https:\/\/xerxa-shpk.com\/sales-department\/#breadcrumb","itemListElement":[{"@type":"ListItem","position":1,"name":"Home","item":"https:\/\/xerxa-shpk.com\/"},{"@type":"ListItem","position":2,"name":"Sales Department"}]},{"@type":"WebSite","@id":"https:\/\/xerxa-shpk.com\/#website","url":"https:\/\/xerxa-shpk.com\/","name":"X\u00ebrxa Hidro Group SHPK","description":"A drop of water, for a lifetime","publisher":{"@id":"https:\/\/xerxa-shpk.com\/#organization"},"potentialAction":[{"@type":"SearchAction","target":{"@type":"EntryPoint","urlTemplate":"https:\/\/xerxa-shpk.com\/?s={search_term_string}"},"query-input":{"@type":"PropertyValueSpecification","valueRequired":true,"valueName":"search_term_string"}}],"inLanguage":"sq"},{"@type":"Organization","@id":"https:\/\/xerxa-shpk.com\/#organization","name":"X\u00ebrxa Hidro Group SHPK","url":"https:\/\/xerxa-shpk.com\/","logo":{"@type":"ImageObject","inLanguage":"sq","@id":"https:\/\/xerxa-shpk.com\/#\/schema\/logo\/image\/","url":"https:\/\/xerxa-shpk.com\/wp-content\/uploads\/2023\/02\/xerxa-blue.svg","contentUrl":"https:\/\/xerxa-shpk.com\/wp-content\/uploads\/2023\/02\/xerxa-blue.svg","width":603,"height":183,"caption":"X\u00ebrxa Hidro Group SHPK"},"image":{"@id":"https:\/\/xerxa-shpk.com\/#\/schema\/logo\/image\/"}}]}},"_links":{"self":[{"href":"https:\/\/xerxa-shpk.com\/sq\/wp-json\/wp\/v2\/pages\/19","targetHints":{"allow":["GET"]}}],"collection":[{"href":"https:\/\/xerxa-shpk.com\/sq\/wp-json\/wp\/v2\/pages"}],"about":[{"href":"https:\/\/xerxa-shpk.com\/sq\/wp-json\/wp\/v2\/types\/page"}],"author":[{"embeddable":true,"href":"https:\/\/xerxa-shpk.com\/sq\/wp-json\/wp\/v2\/users\/1"}],"replies":[{"embeddable":true,"href":"https:\/\/xerxa-shpk.com\/sq\/wp-json\/wp\/v2\/comments?post=19"}],"version-history":[{"count":5,"href":"https:\/\/xerxa-shpk.com\/sq\/wp-json\/wp\/v2\/pages\/19\/revisions"}],"predecessor-version":[{"id":1546,"href":"https:\/\/xerxa-shpk.com\/sq\/wp-json\/wp\/v2\/pages\/19\/revisions\/1546"}],"wp:attachment":[{"href":"https:\/\/xerxa-shpk.com\/sq\/wp-json\/wp\/v2\/media?parent=19"}],"curies":[{"name":"wp","href":"https:\/\/api.w.org\/{rel}","templated":true}]}}