{"id":21,"date":"2022-12-31T14:19:16","date_gmt":"2022-12-31T14:19:16","guid":{"rendered":"https:\/\/xerxa-npt.com\/site\/?page_id=21"},"modified":"2025-05-13T21:50:29","modified_gmt":"2025-05-13T21:50:29","slug":"project-management-consultancy","status":"publish","type":"page","link":"https:\/\/xerxa-shpk.com\/sq\/project-management-consultancy\/","title":{"rendered":"Menaxhim Projektesh dhe Konsulenc\u00eb"},"content":{"rendered":"<div data-elementor-type=\"wp-page\" data-elementor-id=\"21\" class=\"elementor elementor-21\" data-elementor-post-type=\"page\">\n\t\t\t\t\t\t<section class=\"elementor-section elementor-top-section elementor-element elementor-element-6a89095 elementor-section-boxed elementor-section-height-default elementor-section-height-default\" data-id=\"6a89095\" data-element_type=\"section\" data-e-type=\"section\" data-settings=\"{&quot;background_background&quot;:&quot;classic&quot;}\">\n\t\t\t\t\t\t<div class=\"elementor-container elementor-column-gap-default\">\n\t\t\t\t\t<div class=\"elementor-column elementor-col-100 elementor-top-column elementor-element elementor-element-91a3790\" data-id=\"91a3790\" data-element_type=\"column\" data-e-type=\"column\">\n\t\t\t<div class=\"elementor-widget-wrap elementor-element-populated\">\n\t\t\t\t\t\t<div class=\"elementor-element elementor-element-fbbe0e0 elementor-widget elementor-widget-heading\" data-id=\"fbbe0e0\" data-element_type=\"widget\" data-e-type=\"widget\" data-widget_type=\"heading.default\">\n\t\t\t\t<div class=\"elementor-widget-container\">\n\t\t\t\t\t<h1 class=\"elementor-heading-title elementor-size-default\">Menaxhim Projektesh dhe Konsulenc\u00eb<\/h1>\t\t\t\t<\/div>\n\t\t\t\t<\/div>\n\t\t\t\t\t<\/div>\n\t\t<\/div>\n\t\t\t\t\t<\/div>\n\t\t<\/section>\n\t\t\t\t<section class=\"elementor-section elementor-top-section elementor-element elementor-element-a01cf8b elementor-section-content-middle elementor-reverse-tablet elementor-reverse-mobile elementor-section-boxed elementor-section-height-default elementor-section-height-default\" data-id=\"a01cf8b\" data-element_type=\"section\" data-e-type=\"section\">\n\t\t\t\t\t\t<div class=\"elementor-container elementor-column-gap-default\">\n\t\t\t\t\t<div class=\"elementor-column elementor-col-50 elementor-top-column elementor-element elementor-element-e5b7f08\" data-id=\"e5b7f08\" data-element_type=\"column\" data-e-type=\"column\">\n\t\t\t<div class=\"elementor-widget-wrap elementor-element-populated\">\n\t\t\t\t\t\t<div class=\"elementor-element elementor-element-8799f38 elementor-widget elementor-widget-text-editor\" data-id=\"8799f38\" data-element_type=\"widget\" data-e-type=\"widget\" data-widget_type=\"text-editor.default\">\n\t\t\t\t<div class=\"elementor-widget-container\">\n\t\t\t\t\t\t\t\t\t<p>X\u00cbRXA SHPK ofron nj\u00eb gam\u00eb t\u00eb gjer\u00eb sh\u00ebrbimesh k\u00ebshillimore dhe asistence teknike p\u00ebr investitor\u00ebt brenda industris\u00eb son\u00eb. Stafi yn\u00eb ju ndihmon t\u00eb lundroni n\u00eb bot\u00ebn komplekse t\u00eb shum\u00eb projekteve t\u00eb infrastruktur\u00ebs - ata do t\u00eb punojn\u00eb ngusht\u00eb me ju p\u00ebr t\u00eb kuptuar nevojat, q\u00ebllimet dhe k\u00ebrkesat tuaja, dhe do t\u00eb zhvillojn\u00eb nj\u00eb zgjidhje t\u00eb personalizuar p\u00ebr t\u00eb p\u00ebrmbushur nevojat tuaja specifike. Sh\u00ebrbimet tona t\u00eb menaxhimit t\u00eb projekteve dhe konsulenc\u00ebs p\u00ebrfshijn\u00eb: planifikimin, ekzekutimin dhe monitorimin e projekteve q\u00eb lidhen me sistemet e ujit dhe kanalizimeve.<\/p><p>Me sh\u00ebrbimet tona t\u00eb menaxhimit t\u00eb projekteve dhe konsulenc\u00ebs, mund t\u00eb mb\u00ebshteteni tek ne p\u00ebr t\u00eb ofruar zgjidhjet m\u00eb t\u00eb mira n\u00eb furnizimin me uj\u00eb. Ne jemi t\u00eb p\u00ebrkushtuar p\u00ebr t\u00eb siguruar q\u00eb projektet tuaja t\u00eb p\u00ebrfundojn\u00eb n\u00eb koh\u00eb, brenda buxhetit dhe sipas standardeve m\u00eb t\u00eb larta t\u00eb cil\u00ebsis\u00eb.<\/p>\t\t\t\t\t\t\t\t<\/div>\n\t\t\t\t<\/div>\n\t\t\t\t\t<\/div>\n\t\t<\/div>\n\t\t\t\t<div class=\"elementor-column elementor-col-50 elementor-top-column elementor-element elementor-element-b2789fa\" data-id=\"b2789fa\" data-element_type=\"column\" data-e-type=\"column\" data-settings=\"{&quot;background_background&quot;:&quot;classic&quot;}\">\n\t\t\t<div class=\"elementor-widget-wrap elementor-element-populated\">\n\t\t\t\t\t\t<div class=\"elementor-element elementor-element-cec2aff elementor-widget elementor-widget-spacer\" data-id=\"cec2aff\" data-element_type=\"widget\" data-e-type=\"widget\" data-widget_type=\"spacer.default\">\n\t\t\t\t<div class=\"elementor-widget-container\">\n\t\t\t\t\t\t\t<div class=\"elementor-spacer\">\n\t\t\t<div class=\"elementor-spacer-inner\"><\/div>\n\t\t<\/div>\n\t\t\t\t\t\t<\/div>\n\t\t\t\t<\/div>\n\t\t\t\t\t<\/div>\n\t\t<\/div>\n\t\t\t\t\t<\/div>\n\t\t<\/section>\n\t\t\t\t<\/div>","protected":false},"excerpt":{"rendered":"<p>X\u00cbRXA SHPK offers a wide range of advisory services and technical assistance to investors within our industry. Our staff help you navigate the complex world of many infrastructure projects \u2013 they will work closely with you to understand your needs, goals, and requirements, and they will develop a customized solution to meet your specific needs&#8230;.<\/p>","protected":false},"author":1,"featured_media":0,"parent":0,"menu_order":0,"comment_status":"closed","ping_status":"closed","template":"elementor_header_footer","meta":{"inline_featured_image":false,"_kad_post_transparent":"default","_kad_post_title":"hide","_kad_post_layout":"fullwidth","_kad_post_sidebar_id":"","_kad_post_content_style":"unboxed","_kad_post_vertical_padding":"hide","_kad_post_feature":"hide","_kad_post_feature_position":"","_kad_post_header":false,"_kad_post_footer":false,"_kad_post_classname":"","footnotes":""},"class_list":["post-21","page","type-page","status-publish","hentry"],"yoast_head":"<!-- This site is optimized with the Yoast SEO plugin v27.2 - https:\/\/yoast.com\/product\/yoast-seo-wordpress\/ -->\n<title>Project Management &amp; Consultancy - X\u00ebrxa Hidro Group SHPK<\/title>\n<meta name=\"robots\" content=\"index, follow, max-snippet:-1, max-image-preview:large, max-video-preview:-1\" \/>\n<link rel=\"canonical\" href=\"https:\/\/xerxa-shpk.com\/sq\/project-management-consultancy\/\" \/>\n<meta property=\"og:locale\" content=\"sq_AL\" \/>\n<meta property=\"og:type\" content=\"article\" \/>\n<meta property=\"og:title\" content=\"Project Management &amp; Consultancy - X\u00ebrxa Hidro Group SHPK\" \/>\n<meta property=\"og:description\" content=\"X\u00cbRXA SHPK offers a wide range of advisory services and technical assistance to investors within our industry. Our staff help you navigate the complex world of many infrastructure projects \u2013 they will work closely with you to understand your needs, goals, and requirements, and they will develop a customized solution to meet your specific needs....\" \/>\n<meta property=\"og:url\" content=\"https:\/\/xerxa-shpk.com\/sq\/project-management-consultancy\/\" \/>\n<meta property=\"og:site_name\" content=\"X\u00ebrxa Hidro Group SHPK\" \/>\n<meta property=\"article:modified_time\" content=\"2025-05-13T21:50:29+00:00\" \/>\n<meta name=\"twitter:card\" content=\"summary_large_image\" \/>\n<meta name=\"twitter:label1\" content=\"Est. reading time\" \/>\n\t<meta name=\"twitter:data1\" content=\"1 minut\u00eb\" \/>\n<script type=\"application\/ld+json\" class=\"yoast-schema-graph\">{\"@context\":\"https:\/\/schema.org\",\"@graph\":[{\"@type\":\"WebPage\",\"@id\":\"https:\/\/xerxa-shpk.com\/project-management-consultancy\/\",\"url\":\"https:\/\/xerxa-shpk.com\/project-management-consultancy\/\",\"name\":\"Project Management & Consultancy - X\u00ebrxa Hidro Group SHPK\",\"isPartOf\":{\"@id\":\"https:\/\/xerxa-shpk.com\/#website\"},\"datePublished\":\"2022-12-31T14:19:16+00:00\",\"dateModified\":\"2025-05-13T21:50:29+00:00\",\"breadcrumb\":{\"@id\":\"https:\/\/xerxa-shpk.com\/project-management-consultancy\/#breadcrumb\"},\"inLanguage\":\"sq\",\"potentialAction\":[{\"@type\":\"ReadAction\",\"target\":[\"https:\/\/xerxa-shpk.com\/project-management-consultancy\/\"]}]},{\"@type\":\"BreadcrumbList\",\"@id\":\"https:\/\/xerxa-shpk.com\/project-management-consultancy\/#breadcrumb\",\"itemListElement\":[{\"@type\":\"ListItem\",\"position\":1,\"name\":\"Home\",\"item\":\"https:\/\/xerxa-shpk.com\/\"},{\"@type\":\"ListItem\",\"position\":2,\"name\":\"Project Management &#038; Consultancy\"}]},{\"@type\":\"WebSite\",\"@id\":\"https:\/\/xerxa-shpk.com\/#website\",\"url\":\"https:\/\/xerxa-shpk.com\/\",\"name\":\"X\u00ebrxa Hidro Group SHPK\",\"description\":\"A drop of water, for a lifetime\",\"publisher\":{\"@id\":\"https:\/\/xerxa-shpk.com\/#organization\"},\"potentialAction\":[{\"@type\":\"SearchAction\",\"target\":{\"@type\":\"EntryPoint\",\"urlTemplate\":\"https:\/\/xerxa-shpk.com\/?s={search_term_string}\"},\"query-input\":{\"@type\":\"PropertyValueSpecification\",\"valueRequired\":true,\"valueName\":\"search_term_string\"}}],\"inLanguage\":\"sq\"},{\"@type\":\"Organization\",\"@id\":\"https:\/\/xerxa-shpk.com\/#organization\",\"name\":\"X\u00ebrxa Hidro Group SHPK\",\"url\":\"https:\/\/xerxa-shpk.com\/\",\"logo\":{\"@type\":\"ImageObject\",\"inLanguage\":\"sq\",\"@id\":\"https:\/\/xerxa-shpk.com\/#\/schema\/logo\/image\/\",\"url\":\"https:\/\/xerxa-shpk.com\/wp-content\/uploads\/2023\/02\/xerxa-blue.svg\",\"contentUrl\":\"https:\/\/xerxa-shpk.com\/wp-content\/uploads\/2023\/02\/xerxa-blue.svg\",\"width\":603,\"height\":183,\"caption\":\"X\u00ebrxa Hidro Group SHPK\"},\"image\":{\"@id\":\"https:\/\/xerxa-shpk.com\/#\/schema\/logo\/image\/\"}}]}<\/script>\n<!-- \/ Yoast SEO plugin. -->","yoast_head_json":{"title":"Project Management & Consultancy - X\u00ebrxa Hidro Group SHPK","robots":{"index":"index","follow":"follow","max-snippet":"max-snippet:-1","max-image-preview":"max-image-preview:large","max-video-preview":"max-video-preview:-1"},"canonical":"https:\/\/xerxa-shpk.com\/sq\/project-management-consultancy\/","og_locale":"sq_AL","og_type":"article","og_title":"Project Management & Consultancy - X\u00ebrxa Hidro Group SHPK","og_description":"X\u00cbRXA SHPK offers a wide range of advisory services and technical assistance to investors within our industry. Our staff help you navigate the complex world of many infrastructure projects \u2013 they will work closely with you to understand your needs, goals, and requirements, and they will develop a customized solution to meet your specific needs....","og_url":"https:\/\/xerxa-shpk.com\/sq\/project-management-consultancy\/","og_site_name":"X\u00ebrxa Hidro Group SHPK","article_modified_time":"2025-05-13T21:50:29+00:00","twitter_card":"summary_large_image","twitter_misc":{"Est. reading time":"1 minut\u00eb"},"schema":{"@context":"https:\/\/schema.org","@graph":[{"@type":"WebPage","@id":"https:\/\/xerxa-shpk.com\/project-management-consultancy\/","url":"https:\/\/xerxa-shpk.com\/project-management-consultancy\/","name":"Project Management & Consultancy - X\u00ebrxa Hidro Group SHPK","isPartOf":{"@id":"https:\/\/xerxa-shpk.com\/#website"},"datePublished":"2022-12-31T14:19:16+00:00","dateModified":"2025-05-13T21:50:29+00:00","breadcrumb":{"@id":"https:\/\/xerxa-shpk.com\/project-management-consultancy\/#breadcrumb"},"inLanguage":"sq","potentialAction":[{"@type":"ReadAction","target":["https:\/\/xerxa-shpk.com\/project-management-consultancy\/"]}]},{"@type":"BreadcrumbList","@id":"https:\/\/xerxa-shpk.com\/project-management-consultancy\/#breadcrumb","itemListElement":[{"@type":"ListItem","position":1,"name":"Home","item":"https:\/\/xerxa-shpk.com\/"},{"@type":"ListItem","position":2,"name":"Project Management &#038; Consultancy"}]},{"@type":"WebSite","@id":"https:\/\/xerxa-shpk.com\/#website","url":"https:\/\/xerxa-shpk.com\/","name":"X\u00ebrxa Hidro Group SHPK","description":"A drop of water, for a lifetime","publisher":{"@id":"https:\/\/xerxa-shpk.com\/#organization"},"potentialAction":[{"@type":"SearchAction","target":{"@type":"EntryPoint","urlTemplate":"https:\/\/xerxa-shpk.com\/?s={search_term_string}"},"query-input":{"@type":"PropertyValueSpecification","valueRequired":true,"valueName":"search_term_string"}}],"inLanguage":"sq"},{"@type":"Organization","@id":"https:\/\/xerxa-shpk.com\/#organization","name":"X\u00ebrxa Hidro Group SHPK","url":"https:\/\/xerxa-shpk.com\/","logo":{"@type":"ImageObject","inLanguage":"sq","@id":"https:\/\/xerxa-shpk.com\/#\/schema\/logo\/image\/","url":"https:\/\/xerxa-shpk.com\/wp-content\/uploads\/2023\/02\/xerxa-blue.svg","contentUrl":"https:\/\/xerxa-shpk.com\/wp-content\/uploads\/2023\/02\/xerxa-blue.svg","width":603,"height":183,"caption":"X\u00ebrxa Hidro Group SHPK"},"image":{"@id":"https:\/\/xerxa-shpk.com\/#\/schema\/logo\/image\/"}}]}},"_links":{"self":[{"href":"https:\/\/xerxa-shpk.com\/sq\/wp-json\/wp\/v2\/pages\/21","targetHints":{"allow":["GET"]}}],"collection":[{"href":"https:\/\/xerxa-shpk.com\/sq\/wp-json\/wp\/v2\/pages"}],"about":[{"href":"https:\/\/xerxa-shpk.com\/sq\/wp-json\/wp\/v2\/types\/page"}],"author":[{"embeddable":true,"href":"https:\/\/xerxa-shpk.com\/sq\/wp-json\/wp\/v2\/users\/1"}],"replies":[{"embeddable":true,"href":"https:\/\/xerxa-shpk.com\/sq\/wp-json\/wp\/v2\/comments?post=21"}],"version-history":[{"count":5,"href":"https:\/\/xerxa-shpk.com\/sq\/wp-json\/wp\/v2\/pages\/21\/revisions"}],"predecessor-version":[{"id":1549,"href":"https:\/\/xerxa-shpk.com\/sq\/wp-json\/wp\/v2\/pages\/21\/revisions\/1549"}],"wp:attachment":[{"href":"https:\/\/xerxa-shpk.com\/sq\/wp-json\/wp\/v2\/media?parent=21"}],"curies":[{"name":"wp","href":"https:\/\/api.w.org\/{rel}","templated":true}]}}