{"id":23,"date":"2022-12-31T14:20:18","date_gmt":"2022-12-31T14:20:18","guid":{"rendered":"https:\/\/xerxa-npt.com\/site\/?page_id=23"},"modified":"2025-05-13T21:52:27","modified_gmt":"2025-05-13T21:52:27","slug":"xerxa-invest","status":"publish","type":"page","link":"https:\/\/xerxa-shpk.com\/sq\/xerxa-invest\/","title":{"rendered":"XERXA Invest"},"content":{"rendered":"<div data-elementor-type=\"wp-page\" data-elementor-id=\"23\" class=\"elementor elementor-23\" data-elementor-post-type=\"page\">\n\t\t\t\t\t\t<section class=\"elementor-section elementor-top-section elementor-element elementor-element-e65b046 elementor-section-boxed elementor-section-height-default elementor-section-height-default\" data-id=\"e65b046\" data-element_type=\"section\" data-e-type=\"section\" data-settings=\"{&quot;background_background&quot;:&quot;classic&quot;}\">\n\t\t\t\t\t\t<div class=\"elementor-container elementor-column-gap-default\">\n\t\t\t\t\t<div class=\"elementor-column elementor-col-100 elementor-top-column elementor-element elementor-element-3c88688\" data-id=\"3c88688\" data-element_type=\"column\" data-e-type=\"column\">\n\t\t\t<div class=\"elementor-widget-wrap elementor-element-populated\">\n\t\t\t\t\t\t<div class=\"elementor-element elementor-element-5bd3910 elementor-widget elementor-widget-heading\" data-id=\"5bd3910\" data-element_type=\"widget\" data-e-type=\"widget\" data-widget_type=\"heading.default\">\n\t\t\t\t<div class=\"elementor-widget-container\">\n\t\t\t\t\t<h1 class=\"elementor-heading-title elementor-size-default\">XERXA Invest<\/h1>\t\t\t\t<\/div>\n\t\t\t\t<\/div>\n\t\t\t\t\t<\/div>\n\t\t<\/div>\n\t\t\t\t\t<\/div>\n\t\t<\/section>\n\t\t\t\t<section class=\"elementor-section elementor-top-section elementor-element elementor-element-8df80fd elementor-section-content-middle elementor-reverse-tablet elementor-reverse-mobile elementor-section-boxed elementor-section-height-default elementor-section-height-default\" data-id=\"8df80fd\" data-element_type=\"section\" data-e-type=\"section\">\n\t\t\t\t\t\t<div class=\"elementor-container elementor-column-gap-default\">\n\t\t\t\t\t<div class=\"elementor-column elementor-col-50 elementor-top-column elementor-element elementor-element-9124cc4\" data-id=\"9124cc4\" data-element_type=\"column\" data-e-type=\"column\">\n\t\t\t<div class=\"elementor-widget-wrap elementor-element-populated\">\n\t\t\t\t\t\t<div class=\"elementor-element elementor-element-f04c95d elementor-widget elementor-widget-text-editor\" data-id=\"f04c95d\" data-element_type=\"widget\" data-e-type=\"widget\" data-widget_type=\"text-editor.default\">\n\t\t\t\t<div class=\"elementor-widget-container\">\n\t\t\t\t\t\t\t\t\t<p>X\u00cbRXA SHPK ka investuar n\u00eb m\u00ebnyr\u00eb aktive n\u00eb zgjidhje t\u00eb q\u00ebndrueshme n\u00eb industrin\u00eb e furnizimit me uj\u00eb, si dhe \u00ebsht\u00eb p\u00ebrqendruar n\u00eb investimet q\u00eb lidhen me industrin\u00eb e nd\u00ebrtimit. N\u00eb kompanin\u00eb ton\u00eb, ne besojm\u00eb se investimi n\u00eb industrin\u00eb e nd\u00ebrtimit dhe furnizimit me uj\u00eb nuk \u00ebsht\u00eb vet\u00ebm i mir\u00eb p\u00ebr mjedisin, por \u00ebsht\u00eb edhe nj\u00eb vendim i zgjuar financiar. Ekipi yn\u00eb \u00ebsht\u00eb i p\u00ebrkushtuar p\u00ebr t\u00eb bashk\u00ebpunuar me kompani t\u00eb ndryshme q\u00eb k\u00ebrkojn\u00eb ndihm\u00eb financiare dhe bashk\u00ebpunim p\u00ebr projekte q\u00eb lidhen me ujin, projekte nd\u00ebrtimi - komerciale dhe banesore, si dhe investime fillestare brenda industris\u00eb son\u00eb. Ne jemi t\u00eb p\u00ebrkushtuar ndaj transparenc\u00ebs, integritetit dhe praktikave t\u00eb q\u00ebndrueshme t\u00eb investimeve, dhe besojm\u00eb se zgjidhjet tona t\u00eb investimeve mund t\u00eb ndihmojn\u00eb n\u00eb krijimin e nj\u00eb ndikimi pozitiv n\u00eb bot\u00eb.\u00a0<\/p>\t\t\t\t\t\t\t\t<\/div>\n\t\t\t\t<\/div>\n\t\t\t\t\t<\/div>\n\t\t<\/div>\n\t\t\t\t<div class=\"elementor-column elementor-col-50 elementor-top-column elementor-element elementor-element-5e16e67\" data-id=\"5e16e67\" data-element_type=\"column\" data-e-type=\"column\" data-settings=\"{&quot;background_background&quot;:&quot;classic&quot;}\">\n\t\t\t<div class=\"elementor-widget-wrap elementor-element-populated\">\n\t\t\t\t\t\t<div class=\"elementor-element elementor-element-9849886 elementor-widget elementor-widget-spacer\" data-id=\"9849886\" data-element_type=\"widget\" data-e-type=\"widget\" data-widget_type=\"spacer.default\">\n\t\t\t\t<div class=\"elementor-widget-container\">\n\t\t\t\t\t\t\t<div class=\"elementor-spacer\">\n\t\t\t<div class=\"elementor-spacer-inner\"><\/div>\n\t\t<\/div>\n\t\t\t\t\t\t<\/div>\n\t\t\t\t<\/div>\n\t\t\t\t\t<\/div>\n\t\t<\/div>\n\t\t\t\t\t<\/div>\n\t\t<\/section>\n\t\t\t\t<\/div>","protected":false},"excerpt":{"rendered":"<p>X\u00cbRXA SHPK has been actively investing in sustainable solutions in the water supply industry, as well as it is focused on investment related to construction industry. At our company, we believe that investing in construction and water supply industry is not only good for the environment, but it is also a smart financial decision. Our&#8230;<\/p>","protected":false},"author":1,"featured_media":0,"parent":0,"menu_order":0,"comment_status":"closed","ping_status":"closed","template":"elementor_header_footer","meta":{"inline_featured_image":false,"_kad_post_transparent":"default","_kad_post_title":"hide","_kad_post_layout":"fullwidth","_kad_post_sidebar_id":"","_kad_post_content_style":"unboxed","_kad_post_vertical_padding":"hide","_kad_post_feature":"hide","_kad_post_feature_position":"","_kad_post_header":false,"_kad_post_footer":false,"_kad_post_classname":"","footnotes":""},"class_list":["post-23","page","type-page","status-publish","hentry"],"yoast_head":"<!-- This site is optimized with the Yoast SEO plugin v27.2 - https:\/\/yoast.com\/product\/yoast-seo-wordpress\/ -->\n<title>XERXA Invest - X\u00ebrxa Hidro Group SHPK<\/title>\n<meta name=\"robots\" content=\"index, follow, max-snippet:-1, max-image-preview:large, max-video-preview:-1\" \/>\n<link rel=\"canonical\" href=\"https:\/\/xerxa-shpk.com\/sq\/xerxa-invest\/\" \/>\n<meta property=\"og:locale\" content=\"sq_AL\" \/>\n<meta property=\"og:type\" content=\"article\" \/>\n<meta property=\"og:title\" content=\"XERXA Invest - X\u00ebrxa Hidro Group SHPK\" \/>\n<meta property=\"og:description\" content=\"X\u00cbRXA SHPK has been actively investing in sustainable solutions in the water supply industry, as well as it is focused on investment related to construction industry. At our company, we believe that investing in construction and water supply industry is not only good for the environment, but it is also a smart financial decision. Our...\" \/>\n<meta property=\"og:url\" content=\"https:\/\/xerxa-shpk.com\/sq\/xerxa-invest\/\" \/>\n<meta property=\"og:site_name\" content=\"X\u00ebrxa Hidro Group SHPK\" \/>\n<meta property=\"article:modified_time\" content=\"2025-05-13T21:52:27+00:00\" \/>\n<meta name=\"twitter:card\" content=\"summary_large_image\" \/>\n<meta name=\"twitter:label1\" content=\"Est. reading time\" \/>\n\t<meta name=\"twitter:data1\" content=\"1 minut\u00eb\" \/>\n<script type=\"application\/ld+json\" class=\"yoast-schema-graph\">{\"@context\":\"https:\/\/schema.org\",\"@graph\":[{\"@type\":\"WebPage\",\"@id\":\"https:\/\/xerxa-shpk.com\/xerxa-invest\/\",\"url\":\"https:\/\/xerxa-shpk.com\/xerxa-invest\/\",\"name\":\"XERXA Invest - X\u00ebrxa Hidro Group SHPK\",\"isPartOf\":{\"@id\":\"https:\/\/xerxa-shpk.com\/#website\"},\"datePublished\":\"2022-12-31T14:20:18+00:00\",\"dateModified\":\"2025-05-13T21:52:27+00:00\",\"breadcrumb\":{\"@id\":\"https:\/\/xerxa-shpk.com\/xerxa-invest\/#breadcrumb\"},\"inLanguage\":\"sq\",\"potentialAction\":[{\"@type\":\"ReadAction\",\"target\":[\"https:\/\/xerxa-shpk.com\/xerxa-invest\/\"]}]},{\"@type\":\"BreadcrumbList\",\"@id\":\"https:\/\/xerxa-shpk.com\/xerxa-invest\/#breadcrumb\",\"itemListElement\":[{\"@type\":\"ListItem\",\"position\":1,\"name\":\"Home\",\"item\":\"https:\/\/xerxa-shpk.com\/\"},{\"@type\":\"ListItem\",\"position\":2,\"name\":\"XERXA Invest\"}]},{\"@type\":\"WebSite\",\"@id\":\"https:\/\/xerxa-shpk.com\/#website\",\"url\":\"https:\/\/xerxa-shpk.com\/\",\"name\":\"X\u00ebrxa Hidro Group SHPK\",\"description\":\"A drop of water, for a lifetime\",\"publisher\":{\"@id\":\"https:\/\/xerxa-shpk.com\/#organization\"},\"potentialAction\":[{\"@type\":\"SearchAction\",\"target\":{\"@type\":\"EntryPoint\",\"urlTemplate\":\"https:\/\/xerxa-shpk.com\/?s={search_term_string}\"},\"query-input\":{\"@type\":\"PropertyValueSpecification\",\"valueRequired\":true,\"valueName\":\"search_term_string\"}}],\"inLanguage\":\"sq\"},{\"@type\":\"Organization\",\"@id\":\"https:\/\/xerxa-shpk.com\/#organization\",\"name\":\"X\u00ebrxa Hidro Group SHPK\",\"url\":\"https:\/\/xerxa-shpk.com\/\",\"logo\":{\"@type\":\"ImageObject\",\"inLanguage\":\"sq\",\"@id\":\"https:\/\/xerxa-shpk.com\/#\/schema\/logo\/image\/\",\"url\":\"https:\/\/xerxa-shpk.com\/wp-content\/uploads\/2023\/02\/xerxa-blue.svg\",\"contentUrl\":\"https:\/\/xerxa-shpk.com\/wp-content\/uploads\/2023\/02\/xerxa-blue.svg\",\"width\":603,\"height\":183,\"caption\":\"X\u00ebrxa Hidro Group SHPK\"},\"image\":{\"@id\":\"https:\/\/xerxa-shpk.com\/#\/schema\/logo\/image\/\"}}]}<\/script>\n<!-- \/ Yoast SEO plugin. -->","yoast_head_json":{"title":"XERXA Invest - X\u00ebrxa Hidro Group SHPK","robots":{"index":"index","follow":"follow","max-snippet":"max-snippet:-1","max-image-preview":"max-image-preview:large","max-video-preview":"max-video-preview:-1"},"canonical":"https:\/\/xerxa-shpk.com\/sq\/xerxa-invest\/","og_locale":"sq_AL","og_type":"article","og_title":"XERXA Invest - X\u00ebrxa Hidro Group SHPK","og_description":"X\u00cbRXA SHPK has been actively investing in sustainable solutions in the water supply industry, as well as it is focused on investment related to construction industry. At our company, we believe that investing in construction and water supply industry is not only good for the environment, but it is also a smart financial decision. Our...","og_url":"https:\/\/xerxa-shpk.com\/sq\/xerxa-invest\/","og_site_name":"X\u00ebrxa Hidro Group SHPK","article_modified_time":"2025-05-13T21:52:27+00:00","twitter_card":"summary_large_image","twitter_misc":{"Est. reading time":"1 minut\u00eb"},"schema":{"@context":"https:\/\/schema.org","@graph":[{"@type":"WebPage","@id":"https:\/\/xerxa-shpk.com\/xerxa-invest\/","url":"https:\/\/xerxa-shpk.com\/xerxa-invest\/","name":"XERXA Invest - X\u00ebrxa Hidro Group SHPK","isPartOf":{"@id":"https:\/\/xerxa-shpk.com\/#website"},"datePublished":"2022-12-31T14:20:18+00:00","dateModified":"2025-05-13T21:52:27+00:00","breadcrumb":{"@id":"https:\/\/xerxa-shpk.com\/xerxa-invest\/#breadcrumb"},"inLanguage":"sq","potentialAction":[{"@type":"ReadAction","target":["https:\/\/xerxa-shpk.com\/xerxa-invest\/"]}]},{"@type":"BreadcrumbList","@id":"https:\/\/xerxa-shpk.com\/xerxa-invest\/#breadcrumb","itemListElement":[{"@type":"ListItem","position":1,"name":"Home","item":"https:\/\/xerxa-shpk.com\/"},{"@type":"ListItem","position":2,"name":"XERXA Invest"}]},{"@type":"WebSite","@id":"https:\/\/xerxa-shpk.com\/#website","url":"https:\/\/xerxa-shpk.com\/","name":"X\u00ebrxa Hidro Group SHPK","description":"A drop of water, for a lifetime","publisher":{"@id":"https:\/\/xerxa-shpk.com\/#organization"},"potentialAction":[{"@type":"SearchAction","target":{"@type":"EntryPoint","urlTemplate":"https:\/\/xerxa-shpk.com\/?s={search_term_string}"},"query-input":{"@type":"PropertyValueSpecification","valueRequired":true,"valueName":"search_term_string"}}],"inLanguage":"sq"},{"@type":"Organization","@id":"https:\/\/xerxa-shpk.com\/#organization","name":"X\u00ebrxa Hidro Group SHPK","url":"https:\/\/xerxa-shpk.com\/","logo":{"@type":"ImageObject","inLanguage":"sq","@id":"https:\/\/xerxa-shpk.com\/#\/schema\/logo\/image\/","url":"https:\/\/xerxa-shpk.com\/wp-content\/uploads\/2023\/02\/xerxa-blue.svg","contentUrl":"https:\/\/xerxa-shpk.com\/wp-content\/uploads\/2023\/02\/xerxa-blue.svg","width":603,"height":183,"caption":"X\u00ebrxa Hidro Group SHPK"},"image":{"@id":"https:\/\/xerxa-shpk.com\/#\/schema\/logo\/image\/"}}]}},"_links":{"self":[{"href":"https:\/\/xerxa-shpk.com\/sq\/wp-json\/wp\/v2\/pages\/23","targetHints":{"allow":["GET"]}}],"collection":[{"href":"https:\/\/xerxa-shpk.com\/sq\/wp-json\/wp\/v2\/pages"}],"about":[{"href":"https:\/\/xerxa-shpk.com\/sq\/wp-json\/wp\/v2\/types\/page"}],"author":[{"embeddable":true,"href":"https:\/\/xerxa-shpk.com\/sq\/wp-json\/wp\/v2\/users\/1"}],"replies":[{"embeddable":true,"href":"https:\/\/xerxa-shpk.com\/sq\/wp-json\/wp\/v2\/comments?post=23"}],"version-history":[{"count":5,"href":"https:\/\/xerxa-shpk.com\/sq\/wp-json\/wp\/v2\/pages\/23\/revisions"}],"predecessor-version":[{"id":1555,"href":"https:\/\/xerxa-shpk.com\/sq\/wp-json\/wp\/v2\/pages\/23\/revisions\/1555"}],"wp:attachment":[{"href":"https:\/\/xerxa-shpk.com\/sq\/wp-json\/wp\/v2\/media?parent=23"}],"curies":[{"name":"wp","href":"https:\/\/api.w.org\/{rel}","templated":true}]}}