{"id":27,"date":"2022-12-31T14:21:28","date_gmt":"2022-12-31T14:21:28","guid":{"rendered":"https:\/\/xerxa-npt.com\/site\/?page_id=27"},"modified":"2023-02-02T01:15:26","modified_gmt":"2023-02-02T01:15:26","slug":"projects","status":"publish","type":"page","link":"https:\/\/xerxa-shpk.com\/sq\/projects\/","title":{"rendered":"Projekte"},"content":{"rendered":"<div data-elementor-type=\"wp-page\" data-elementor-id=\"27\" class=\"elementor elementor-27\" data-elementor-post-type=\"page\">\n\t\t\t\t\t\t<section class=\"elementor-section elementor-top-section elementor-element elementor-element-d743c40 elementor-section-boxed elementor-section-height-default elementor-section-height-default\" data-id=\"d743c40\" data-element_type=\"section\" data-e-type=\"section\" data-settings=\"{&quot;background_background&quot;:&quot;classic&quot;}\">\n\t\t\t\t\t\t<div class=\"elementor-container elementor-column-gap-default\">\n\t\t\t\t\t<div class=\"elementor-column elementor-col-100 elementor-top-column elementor-element elementor-element-280e71d\" data-id=\"280e71d\" data-element_type=\"column\" data-e-type=\"column\">\n\t\t\t<div class=\"elementor-widget-wrap elementor-element-populated\">\n\t\t\t\t\t\t<div class=\"elementor-element elementor-element-2f423fa elementor-widget elementor-widget-heading\" data-id=\"2f423fa\" data-element_type=\"widget\" data-e-type=\"widget\" data-widget_type=\"heading.default\">\n\t\t\t\t<div class=\"elementor-widget-container\">\n\t\t\t\t\t<h1 class=\"elementor-heading-title elementor-size-default\">Projekte<\/h1>\t\t\t\t<\/div>\n\t\t\t\t<\/div>\n\t\t\t\t<div class=\"elementor-element elementor-element-06a892e elementor-widget elementor-widget-text-editor\" data-id=\"06a892e\" data-element_type=\"widget\" data-e-type=\"widget\" data-widget_type=\"text-editor.default\">\n\t\t\t\t<div class=\"elementor-widget-container\">\n\t\t\t\t\t\t\t\t\t<p>Jemi krenar\u00eb p\u00ebr projektet tona t\u00eb p\u00ebrfunduara dhe ndikimin pozitiv q\u00eb ato kan\u00eb pasur n\u00eb komunitetet dhe bizneset n\u00eb t\u00eb gjith\u00eb bot\u00ebn. Na kontaktoni sot p\u00ebr t\u00eb m\u00ebsuar m\u00eb shum\u00eb rreth portofolit ton\u00eb t\u00eb projekteve t\u00eb suksesshme t\u00eb furnizimit me uj\u00eb.\u00a0<\/p>\t\t\t\t\t\t\t\t<\/div>\n\t\t\t\t<\/div>\n\t\t\t\t\t<\/div>\n\t\t<\/div>\n\t\t\t\t\t<\/div>\n\t\t<\/section>\n\t\t\t\t<section class=\"elementor-section elementor-top-section elementor-element elementor-element-9747e98 elementor-section-boxed elementor-section-height-default elementor-section-height-default\" data-id=\"9747e98\" data-element_type=\"section\" data-e-type=\"section\">\n\t\t\t\t\t\t<div class=\"elementor-container elementor-column-gap-default\">\n\t\t\t\t\t<div class=\"elementor-column elementor-col-100 elementor-top-column elementor-element elementor-element-cef21e4\" data-id=\"cef21e4\" data-element_type=\"column\" data-e-type=\"column\">\n\t\t\t<div class=\"elementor-widget-wrap elementor-element-populated\">\n\t\t\t\t\t\t<div class=\"elementor-element elementor-element-7857f99 elementor-grid-3 elementor-grid-tablet-2 elementor-grid-mobile-1 elementor-widget elementor-widget-portfolio\" data-id=\"7857f99\" data-element_type=\"widget\" data-e-type=\"widget\" data-settings=\"{&quot;row_gap&quot;:{&quot;unit&quot;:&quot;px&quot;,&quot;size&quot;:20,&quot;sizes&quot;:[]},&quot;columns&quot;:&quot;3&quot;,&quot;columns_tablet&quot;:&quot;2&quot;,&quot;columns_mobile&quot;:&quot;1&quot;,&quot;item_ratio&quot;:{&quot;unit&quot;:&quot;px&quot;,&quot;size&quot;:0.66,&quot;sizes&quot;:[]},&quot;item_gap&quot;:{&quot;unit&quot;:&quot;px&quot;,&quot;size&quot;:&quot;&quot;,&quot;sizes&quot;:[]}}\" data-widget_type=\"portfolio.default\">\n\t\t\t\t<div class=\"elementor-widget-container\">\n\t\t\t\t\t\t\t<div class=\"elementor-portfolio elementor-grid elementor-posts-container\" role=\"list\">\n\t\t\t\t<article class=\"elementor-portfolio-item elementor-post  post-1445 post type-post status-publish format-standard has-post-thumbnail hentry category-projects\" role=\"listitem\">\n\t\t\t<a class=\"elementor-post__thumbnail__link\" href=\"https:\/\/xerxa-shpk.com\/sq\/rehabilitation-works-in-zhur-water-supply-network\/\">\n\t\t\t\t<div class=\"elementor-portfolio-item__img elementor-post__thumbnail\">\n\t\t\t<img fetchpriority=\"high\" decoding=\"async\" width=\"768\" height=\"576\" src=\"https:\/\/xerxa-shpk.com\/wp-content\/uploads\/2024\/04\/Photo-1-768x576.jpg\" class=\"attachment-medium_large size-medium_large wp-image-1446\" alt=\"\" srcset=\"https:\/\/xerxa-shpk.com\/wp-content\/uploads\/2024\/04\/Photo-1-768x576.jpg 768w, https:\/\/xerxa-shpk.com\/wp-content\/uploads\/2024\/04\/Photo-1-300x225.jpg 300w, https:\/\/xerxa-shpk.com\/wp-content\/uploads\/2024\/04\/Photo-1-1024x768.jpg 1024w, https:\/\/xerxa-shpk.com\/wp-content\/uploads\/2024\/04\/Photo-1-600x450.jpg 600w, https:\/\/xerxa-shpk.com\/wp-content\/uploads\/2024\/04\/Photo-1.jpg 1333w\" sizes=\"(max-width: 768px) 100vw, 768px\" \/>\t\t<\/div>\n\t\t\t\t<div class=\"elementor-portfolio-item__overlay\">\n\t\t\t\t<h3 class=\"elementor-portfolio-item__title\">\n\t\tPunime rehabilitimi n\u00eb rrjetin e furnizimit me uj\u00eb t\u00eb ZHUR\t\t<\/h3>\n\t\t\t\t<\/div>\n\t\t\t\t<\/a>\n\t\t<\/article>\n\t\t\t\t<article class=\"elementor-portfolio-item elementor-post  post-442 post type-post status-publish format-standard has-post-thumbnail hentry category-projects\" role=\"listitem\">\n\t\t\t<a class=\"elementor-post__thumbnail__link\" href=\"https:\/\/xerxa-shpk.com\/sq\/rehabilition-works-in-the-radoniqi-dukagjni-irrigation-scheme\/\">\n\t\t\t\t<div class=\"elementor-portfolio-item__img elementor-post__thumbnail\">\n\t\t\t<img decoding=\"async\" width=\"768\" height=\"576\" src=\"https:\/\/xerxa-shpk.com\/wp-content\/uploads\/2023\/03\/Fittings-Connection_1-768x576.jpg\" class=\"attachment-medium_large size-medium_large wp-image-982\" alt=\"\" srcset=\"https:\/\/xerxa-shpk.com\/wp-content\/uploads\/2023\/03\/Fittings-Connection_1-768x576.jpg 768w, https:\/\/xerxa-shpk.com\/wp-content\/uploads\/2023\/03\/Fittings-Connection_1-300x225.jpg 300w, https:\/\/xerxa-shpk.com\/wp-content\/uploads\/2023\/03\/Fittings-Connection_1-1024x768.jpg 1024w, https:\/\/xerxa-shpk.com\/wp-content\/uploads\/2023\/03\/Fittings-Connection_1-600x450.jpg 600w, https:\/\/xerxa-shpk.com\/wp-content\/uploads\/2023\/03\/Fittings-Connection_1.jpg 1400w\" sizes=\"(max-width: 768px) 100vw, 768px\" \/>\t\t<\/div>\n\t\t\t\t<div class=\"elementor-portfolio-item__overlay\">\n\t\t\t\t<h3 class=\"elementor-portfolio-item__title\">\n\t\tPunimet rehabilituese n\u00eb skem\u00ebn e ujitjes Radoniqi-Dukagjin\t\t<\/h3>\n\t\t\t\t<\/div>\n\t\t\t\t<\/a>\n\t\t<\/article>\n\t\t\t\t<article class=\"elementor-portfolio-item elementor-post  post-440 post type-post status-publish format-standard has-post-thumbnail hentry category-projects\" role=\"listitem\">\n\t\t\t<a class=\"elementor-post__thumbnail__link\" href=\"https:\/\/xerxa-shpk.com\/sq\/kosovo-motorway-route-7-ibrahim-rugova\/\">\n\t\t\t\t<div class=\"elementor-portfolio-item__img elementor-post__thumbnail\">\n\t\t\t<img decoding=\"async\" width=\"768\" height=\"574\" src=\"https:\/\/xerxa-shpk.com\/wp-content\/uploads\/2023\/03\/Assembly_2-768x574.jpg\" class=\"attachment-medium_large size-medium_large wp-image-1344\" alt=\"\" srcset=\"https:\/\/xerxa-shpk.com\/wp-content\/uploads\/2023\/03\/Assembly_2-768x574.jpg 768w, https:\/\/xerxa-shpk.com\/wp-content\/uploads\/2023\/03\/Assembly_2-300x224.jpg 300w, https:\/\/xerxa-shpk.com\/wp-content\/uploads\/2023\/03\/Assembly_2-1024x765.jpg 1024w, https:\/\/xerxa-shpk.com\/wp-content\/uploads\/2023\/03\/Assembly_2-600x448.jpg 600w, https:\/\/xerxa-shpk.com\/wp-content\/uploads\/2023\/03\/Assembly_2-64x48.jpg 64w, https:\/\/xerxa-shpk.com\/wp-content\/uploads\/2023\/03\/Assembly_2.jpg 1400w\" sizes=\"(max-width: 768px) 100vw, 768px\" \/>\t\t<\/div>\n\t\t\t\t<div class=\"elementor-portfolio-item__overlay\">\n\t\t\t\t<h3 class=\"elementor-portfolio-item__title\">\n\t\tAutostrada e Kosov\u00ebs \u2013 Linja 7 \u201cIbrahim Rugova\u201d\t\t<\/h3>\n\t\t\t\t<\/div>\n\t\t\t\t<\/a>\n\t\t<\/article>\n\t\t\t\t<article class=\"elementor-portfolio-item elementor-post  post-438 post type-post status-publish format-standard has-post-thumbnail hentry category-projects\" role=\"listitem\">\n\t\t\t<a class=\"elementor-post__thumbnail__link\" href=\"https:\/\/xerxa-shpk.com\/sq\/kosovo-motorway-route-6-arben-xhaferi\/\">\n\t\t\t\t<div class=\"elementor-portfolio-item__img elementor-post__thumbnail\">\n\t\t\t<img loading=\"lazy\" decoding=\"async\" width=\"768\" height=\"512\" src=\"https:\/\/xerxa-shpk.com\/wp-content\/uploads\/2023\/03\/Pipe-Welding-768x512.jpg\" class=\"attachment-medium_large size-medium_large wp-image-1332\" alt=\"\" srcset=\"https:\/\/xerxa-shpk.com\/wp-content\/uploads\/2023\/03\/Pipe-Welding-768x512.jpg 768w, https:\/\/xerxa-shpk.com\/wp-content\/uploads\/2023\/03\/Pipe-Welding-300x200.jpg 300w, https:\/\/xerxa-shpk.com\/wp-content\/uploads\/2023\/03\/Pipe-Welding-1024x682.jpg 1024w, https:\/\/xerxa-shpk.com\/wp-content\/uploads\/2023\/03\/Pipe-Welding-600x400.jpg 600w, https:\/\/xerxa-shpk.com\/wp-content\/uploads\/2023\/03\/Pipe-Welding-64x43.jpg 64w, https:\/\/xerxa-shpk.com\/wp-content\/uploads\/2023\/03\/Pipe-Welding.jpg 1400w\" sizes=\"(max-width: 768px) 100vw, 768px\" \/>\t\t<\/div>\n\t\t\t\t<div class=\"elementor-portfolio-item__overlay\">\n\t\t\t\t<h3 class=\"elementor-portfolio-item__title\">\n\t\tAutostrada e Kosov\u00ebs \u2013 Linja 6 \u201cArb\u00ebn Xhaferi\u201d\t\t<\/h3>\n\t\t\t\t<\/div>\n\t\t\t\t<\/a>\n\t\t<\/article>\n\t\t\t\t<article class=\"elementor-portfolio-item elementor-post  post-436 post type-post status-publish format-standard has-post-thumbnail hentry category-projects\" role=\"listitem\">\n\t\t\t<a class=\"elementor-post__thumbnail__link\" href=\"https:\/\/xerxa-shpk.com\/sq\/spare-parts-supply\/\">\n\t\t\t\t<div class=\"elementor-portfolio-item__img elementor-post__thumbnail\">\n\t\t\t<img loading=\"lazy\" decoding=\"async\" width=\"768\" height=\"576\" src=\"https:\/\/xerxa-shpk.com\/wp-content\/uploads\/2023\/02\/Transportation_4-768x576.jpg\" class=\"attachment-medium_large size-medium_large wp-image-1240\" alt=\"\" srcset=\"https:\/\/xerxa-shpk.com\/wp-content\/uploads\/2023\/02\/Transportation_4-768x576.jpg 768w, https:\/\/xerxa-shpk.com\/wp-content\/uploads\/2023\/02\/Transportation_4-300x225.jpg 300w, https:\/\/xerxa-shpk.com\/wp-content\/uploads\/2023\/02\/Transportation_4-1024x768.jpg 1024w, https:\/\/xerxa-shpk.com\/wp-content\/uploads\/2023\/02\/Transportation_4-1536x1152.jpg 1536w, https:\/\/xerxa-shpk.com\/wp-content\/uploads\/2023\/02\/Transportation_4-600x450.jpg 600w, https:\/\/xerxa-shpk.com\/wp-content\/uploads\/2023\/02\/Transportation_4-64x48.jpg 64w, https:\/\/xerxa-shpk.com\/wp-content\/uploads\/2023\/02\/Transportation_4.jpg 1600w\" sizes=\"(max-width: 768px) 100vw, 768px\" \/>\t\t<\/div>\n\t\t\t\t<div class=\"elementor-portfolio-item__overlay\">\n\t\t\t\t<h3 class=\"elementor-portfolio-item__title\">\n\t\tFurnizim me Pjes\u00eb K\u00ebmbimi\t\t<\/h3>\n\t\t\t\t<\/div>\n\t\t\t\t<\/a>\n\t\t<\/article>\n\t\t\t\t<\/div>\n\t\t\t\t\t\t<\/div>\n\t\t\t\t<\/div>\n\t\t\t\t\t<\/div>\n\t\t<\/div>\n\t\t\t\t\t<\/div>\n\t\t<\/section>\n\t\t\t\t<\/div>","protected":false},"excerpt":{"rendered":"<p>Jemi krenar\u00eb p\u00ebr projektet tona t\u00eb p\u00ebrfunduara dhe ndikimin pozitiv q\u00eb ato kan\u00eb pasur n\u00eb komunitetet dhe bizneset n\u00eb t\u00eb gjith\u00eb bot\u00ebn. Na kontaktoni sot p\u00ebr t\u00eb m\u00ebsuar m\u00eb shum\u00eb rreth portofolit ton\u00eb t\u00eb projekteve t\u00eb suksesshme t\u00eb furnizimit me uj\u00eb.\u00a0<\/p>","protected":false},"author":1,"featured_media":0,"parent":0,"menu_order":0,"comment_status":"closed","ping_status":"closed","template":"elementor_header_footer","meta":{"inline_featured_image":false,"_kad_post_transparent":"default","_kad_post_title":"hide","_kad_post_layout":"fullwidth","_kad_post_sidebar_id":"","_kad_post_content_style":"unboxed","_kad_post_vertical_padding":"hide","_kad_post_feature":"hide","_kad_post_feature_position":"","_kad_post_header":false,"_kad_post_footer":false,"_kad_post_classname":"","footnotes":""},"class_list":["post-27","page","type-page","status-publish","hentry"],"yoast_head":"<!-- This site is optimized with the Yoast SEO plugin v27.2 - https:\/\/yoast.com\/product\/yoast-seo-wordpress\/ -->\n<title>Projects - X\u00ebrxa Hidro Group SHPK<\/title>\n<meta name=\"robots\" content=\"index, follow, max-snippet:-1, max-image-preview:large, max-video-preview:-1\" \/>\n<link rel=\"canonical\" href=\"https:\/\/xerxa-shpk.com\/sq\/projects\/\" \/>\n<meta property=\"og:locale\" content=\"sq_AL\" \/>\n<meta property=\"og:type\" content=\"article\" \/>\n<meta property=\"og:title\" content=\"Projects - X\u00ebrxa Hidro Group SHPK\" \/>\n<meta property=\"og:description\" content=\"We are proud of our finished projects and the positive impact that they have had on communities and businesses around the world. Contact us today to learn more about our portfolio of successful water supply projects.\u00a0\" \/>\n<meta property=\"og:url\" content=\"https:\/\/xerxa-shpk.com\/sq\/projects\/\" \/>\n<meta property=\"og:site_name\" content=\"X\u00ebrxa Hidro Group SHPK\" \/>\n<meta property=\"article:modified_time\" content=\"2023-02-02T01:15:26+00:00\" \/>\n<meta name=\"twitter:card\" content=\"summary_large_image\" \/>\n<script type=\"application\/ld+json\" class=\"yoast-schema-graph\">{\"@context\":\"https:\/\/schema.org\",\"@graph\":[{\"@type\":\"WebPage\",\"@id\":\"https:\/\/xerxa-shpk.com\/projects\/\",\"url\":\"https:\/\/xerxa-shpk.com\/projects\/\",\"name\":\"Projects - X\u00ebrxa Hidro Group SHPK\",\"isPartOf\":{\"@id\":\"https:\/\/xerxa-shpk.com\/#website\"},\"datePublished\":\"2022-12-31T14:21:28+00:00\",\"dateModified\":\"2023-02-02T01:15:26+00:00\",\"breadcrumb\":{\"@id\":\"https:\/\/xerxa-shpk.com\/projects\/#breadcrumb\"},\"inLanguage\":\"sq\",\"potentialAction\":[{\"@type\":\"ReadAction\",\"target\":[\"https:\/\/xerxa-shpk.com\/projects\/\"]}]},{\"@type\":\"BreadcrumbList\",\"@id\":\"https:\/\/xerxa-shpk.com\/projects\/#breadcrumb\",\"itemListElement\":[{\"@type\":\"ListItem\",\"position\":1,\"name\":\"Home\",\"item\":\"https:\/\/xerxa-shpk.com\/\"},{\"@type\":\"ListItem\",\"position\":2,\"name\":\"Projects\"}]},{\"@type\":\"WebSite\",\"@id\":\"https:\/\/xerxa-shpk.com\/#website\",\"url\":\"https:\/\/xerxa-shpk.com\/\",\"name\":\"X\u00ebrxa Hidro Group SHPK\",\"description\":\"A drop of water, for a lifetime\",\"publisher\":{\"@id\":\"https:\/\/xerxa-shpk.com\/#organization\"},\"potentialAction\":[{\"@type\":\"SearchAction\",\"target\":{\"@type\":\"EntryPoint\",\"urlTemplate\":\"https:\/\/xerxa-shpk.com\/?s={search_term_string}\"},\"query-input\":{\"@type\":\"PropertyValueSpecification\",\"valueRequired\":true,\"valueName\":\"search_term_string\"}}],\"inLanguage\":\"sq\"},{\"@type\":\"Organization\",\"@id\":\"https:\/\/xerxa-shpk.com\/#organization\",\"name\":\"X\u00ebrxa Hidro Group SHPK\",\"url\":\"https:\/\/xerxa-shpk.com\/\",\"logo\":{\"@type\":\"ImageObject\",\"inLanguage\":\"sq\",\"@id\":\"https:\/\/xerxa-shpk.com\/#\/schema\/logo\/image\/\",\"url\":\"https:\/\/xerxa-shpk.com\/wp-content\/uploads\/2023\/02\/xerxa-blue.svg\",\"contentUrl\":\"https:\/\/xerxa-shpk.com\/wp-content\/uploads\/2023\/02\/xerxa-blue.svg\",\"width\":603,\"height\":183,\"caption\":\"X\u00ebrxa Hidro Group SHPK\"},\"image\":{\"@id\":\"https:\/\/xerxa-shpk.com\/#\/schema\/logo\/image\/\"}}]}<\/script>\n<!-- \/ Yoast SEO plugin. -->","yoast_head_json":{"title":"Projects - X\u00ebrxa Hidro Group SHPK","robots":{"index":"index","follow":"follow","max-snippet":"max-snippet:-1","max-image-preview":"max-image-preview:large","max-video-preview":"max-video-preview:-1"},"canonical":"https:\/\/xerxa-shpk.com\/sq\/projects\/","og_locale":"sq_AL","og_type":"article","og_title":"Projects - X\u00ebrxa Hidro Group SHPK","og_description":"We are proud of our finished projects and the positive impact that they have had on communities and businesses around the world. Contact us today to learn more about our portfolio of successful water supply projects.\u00a0","og_url":"https:\/\/xerxa-shpk.com\/sq\/projects\/","og_site_name":"X\u00ebrxa Hidro Group SHPK","article_modified_time":"2023-02-02T01:15:26+00:00","twitter_card":"summary_large_image","schema":{"@context":"https:\/\/schema.org","@graph":[{"@type":"WebPage","@id":"https:\/\/xerxa-shpk.com\/projects\/","url":"https:\/\/xerxa-shpk.com\/projects\/","name":"Projects - X\u00ebrxa Hidro Group SHPK","isPartOf":{"@id":"https:\/\/xerxa-shpk.com\/#website"},"datePublished":"2022-12-31T14:21:28+00:00","dateModified":"2023-02-02T01:15:26+00:00","breadcrumb":{"@id":"https:\/\/xerxa-shpk.com\/projects\/#breadcrumb"},"inLanguage":"sq","potentialAction":[{"@type":"ReadAction","target":["https:\/\/xerxa-shpk.com\/projects\/"]}]},{"@type":"BreadcrumbList","@id":"https:\/\/xerxa-shpk.com\/projects\/#breadcrumb","itemListElement":[{"@type":"ListItem","position":1,"name":"Home","item":"https:\/\/xerxa-shpk.com\/"},{"@type":"ListItem","position":2,"name":"Projects"}]},{"@type":"WebSite","@id":"https:\/\/xerxa-shpk.com\/#website","url":"https:\/\/xerxa-shpk.com\/","name":"X\u00ebrxa Hidro Group SHPK","description":"A drop of water, for a lifetime","publisher":{"@id":"https:\/\/xerxa-shpk.com\/#organization"},"potentialAction":[{"@type":"SearchAction","target":{"@type":"EntryPoint","urlTemplate":"https:\/\/xerxa-shpk.com\/?s={search_term_string}"},"query-input":{"@type":"PropertyValueSpecification","valueRequired":true,"valueName":"search_term_string"}}],"inLanguage":"sq"},{"@type":"Organization","@id":"https:\/\/xerxa-shpk.com\/#organization","name":"X\u00ebrxa Hidro Group SHPK","url":"https:\/\/xerxa-shpk.com\/","logo":{"@type":"ImageObject","inLanguage":"sq","@id":"https:\/\/xerxa-shpk.com\/#\/schema\/logo\/image\/","url":"https:\/\/xerxa-shpk.com\/wp-content\/uploads\/2023\/02\/xerxa-blue.svg","contentUrl":"https:\/\/xerxa-shpk.com\/wp-content\/uploads\/2023\/02\/xerxa-blue.svg","width":603,"height":183,"caption":"X\u00ebrxa Hidro Group SHPK"},"image":{"@id":"https:\/\/xerxa-shpk.com\/#\/schema\/logo\/image\/"}}]}},"_links":{"self":[{"href":"https:\/\/xerxa-shpk.com\/sq\/wp-json\/wp\/v2\/pages\/27","targetHints":{"allow":["GET"]}}],"collection":[{"href":"https:\/\/xerxa-shpk.com\/sq\/wp-json\/wp\/v2\/pages"}],"about":[{"href":"https:\/\/xerxa-shpk.com\/sq\/wp-json\/wp\/v2\/types\/page"}],"author":[{"embeddable":true,"href":"https:\/\/xerxa-shpk.com\/sq\/wp-json\/wp\/v2\/users\/1"}],"replies":[{"embeddable":true,"href":"https:\/\/xerxa-shpk.com\/sq\/wp-json\/wp\/v2\/comments?post=27"}],"version-history":[{"count":5,"href":"https:\/\/xerxa-shpk.com\/sq\/wp-json\/wp\/v2\/pages\/27\/revisions"}],"predecessor-version":[{"id":525,"href":"https:\/\/xerxa-shpk.com\/sq\/wp-json\/wp\/v2\/pages\/27\/revisions\/525"}],"wp:attachment":[{"href":"https:\/\/xerxa-shpk.com\/sq\/wp-json\/wp\/v2\/media?parent=27"}],"curies":[{"name":"wp","href":"https:\/\/api.w.org\/{rel}","templated":true}]}}