{"id":29,"date":"2022-12-31T14:21:38","date_gmt":"2022-12-31T14:21:38","guid":{"rendered":"https:\/\/xerxa-npt.com\/site\/?page_id=29"},"modified":"2023-02-02T01:14:55","modified_gmt":"2023-02-02T01:14:55","slug":"newsroom","status":"publish","type":"page","link":"https:\/\/xerxa-shpk.com\/sq\/newsroom\/","title":{"rendered":"Newsroom"},"content":{"rendered":"<div data-elementor-type=\"wp-page\" data-elementor-id=\"29\" class=\"elementor elementor-29\" data-elementor-post-type=\"page\">\n\t\t\t\t\t\t<section class=\"elementor-section elementor-top-section elementor-element elementor-element-ab431dd elementor-section-boxed elementor-section-height-default elementor-section-height-default\" data-id=\"ab431dd\" data-element_type=\"section\" data-e-type=\"section\" data-settings=\"{&quot;background_background&quot;:&quot;classic&quot;}\">\n\t\t\t\t\t\t<div class=\"elementor-container elementor-column-gap-default\">\n\t\t\t\t\t<div class=\"elementor-column elementor-col-100 elementor-top-column elementor-element elementor-element-b592eee\" data-id=\"b592eee\" data-element_type=\"column\" data-e-type=\"column\">\n\t\t\t<div class=\"elementor-widget-wrap elementor-element-populated\">\n\t\t\t\t\t\t<div class=\"elementor-element elementor-element-3a26f77 elementor-widget elementor-widget-heading\" data-id=\"3a26f77\" data-element_type=\"widget\" data-e-type=\"widget\" data-widget_type=\"heading.default\">\n\t\t\t\t<div class=\"elementor-widget-container\">\n\t\t\t\t\t<h1 class=\"elementor-heading-title elementor-size-default\">Newsroom<\/h1>\t\t\t\t<\/div>\n\t\t\t\t<\/div>\n\t\t\t\t<div class=\"elementor-element elementor-element-e9e321c elementor-widget elementor-widget-text-editor\" data-id=\"e9e321c\" data-element_type=\"widget\" data-e-type=\"widget\" data-widget_type=\"text-editor.default\">\n\t\t\t\t<div class=\"elementor-widget-container\">\n\t\t\t\t\t\t\t\t\t<p>Q\u00ebndroni t\u00eb informuar mbi lajmet dhe zhvillimet m\u00eb t\u00eb fundit nga kompania jon\u00eb. Ekipi yn\u00eb punon vazhdimisht n\u00eb nisma t\u00eb reja emocionuese dhe jemi gjithmon\u00eb n\u00eb k\u00ebrkim t\u00eb m\u00ebnyrave p\u00ebr t\u00eb p\u00ebrmir\u00ebsuar sh\u00ebrbimet dhe zgjidhjet tona.<\/p>\t\t\t\t\t\t\t\t<\/div>\n\t\t\t\t<\/div>\n\t\t\t\t\t<\/div>\n\t\t<\/div>\n\t\t\t\t\t<\/div>\n\t\t<\/section>\n\t\t\t\t<section class=\"elementor-section elementor-top-section elementor-element elementor-element-f9db1ec elementor-section-boxed elementor-section-height-default elementor-section-height-default\" data-id=\"f9db1ec\" data-element_type=\"section\" data-e-type=\"section\">\n\t\t\t\t\t\t<div class=\"elementor-container elementor-column-gap-default\">\n\t\t\t\t\t<div class=\"elementor-column elementor-col-100 elementor-top-column elementor-element elementor-element-e2165d8\" data-id=\"e2165d8\" data-element_type=\"column\" data-e-type=\"column\">\n\t\t\t<div class=\"elementor-widget-wrap elementor-element-populated\">\n\t\t\t\t\t\t<div class=\"elementor-element elementor-element-cd11727 elementor-grid-3 elementor-grid-tablet-2 elementor-grid-mobile-1 elementor-posts--thumbnail-top elementor-widget elementor-widget-posts\" data-id=\"cd11727\" data-element_type=\"widget\" data-e-type=\"widget\" data-settings=\"{&quot;classic_row_gap&quot;:{&quot;unit&quot;:&quot;px&quot;,&quot;size&quot;:50,&quot;sizes&quot;:[]},&quot;classic_columns&quot;:&quot;3&quot;,&quot;classic_columns_tablet&quot;:&quot;2&quot;,&quot;classic_columns_mobile&quot;:&quot;1&quot;,&quot;classic_row_gap_tablet&quot;:{&quot;unit&quot;:&quot;px&quot;,&quot;size&quot;:&quot;&quot;,&quot;sizes&quot;:[]},&quot;classic_row_gap_mobile&quot;:{&quot;unit&quot;:&quot;px&quot;,&quot;size&quot;:&quot;&quot;,&quot;sizes&quot;:[]}}\" data-widget_type=\"posts.classic\">\n\t\t\t\t<div class=\"elementor-widget-container\">\n\t\t\t\t\t\t\t<div class=\"elementor-posts-container elementor-posts elementor-posts--skin-classic elementor-grid\" role=\"list\">\n\t\t\t\t<article class=\"elementor-post elementor-grid-item post-361 post type-post status-publish format-standard has-post-thumbnail hentry category-news\" role=\"listitem\">\n\t\t\t\t<a class=\"elementor-post__thumbnail__link\" href=\"https:\/\/xerxa-shpk.com\/sq\/meeting-with-residents-in-the-r5-sector-dukagjini-scheme\/\" tabindex=\"-1\" >\n\t\t\t<div class=\"elementor-post__thumbnail\"><img fetchpriority=\"high\" decoding=\"async\" width=\"768\" height=\"428\" src=\"https:\/\/xerxa-shpk.com\/wp-content\/uploads\/2023\/02\/Petrove-dhe-Trepetnice-R5_5-768x428.jpg\" class=\"attachment-medium_large size-medium_large wp-image-1269\" alt=\"\" srcset=\"https:\/\/xerxa-shpk.com\/wp-content\/uploads\/2023\/02\/Petrove-dhe-Trepetnice-R5_5-768x428.jpg 768w, https:\/\/xerxa-shpk.com\/wp-content\/uploads\/2023\/02\/Petrove-dhe-Trepetnice-R5_5-300x167.jpg 300w, https:\/\/xerxa-shpk.com\/wp-content\/uploads\/2023\/02\/Petrove-dhe-Trepetnice-R5_5-600x334.jpg 600w, https:\/\/xerxa-shpk.com\/wp-content\/uploads\/2023\/02\/Petrove-dhe-Trepetnice-R5_5-64x36.jpg 64w, https:\/\/xerxa-shpk.com\/wp-content\/uploads\/2023\/02\/Petrove-dhe-Trepetnice-R5_5.jpg 1022w\" sizes=\"(max-width: 768px) 100vw, 768px\" \/><\/div>\n\t\t<\/a>\n\t\t\t\t<div class=\"elementor-post__text\">\n\t\t\t\t<h3 class=\"elementor-post__title\">\n\t\t\t<a href=\"https:\/\/xerxa-shpk.com\/sq\/meeting-with-residents-in-the-r5-sector-dukagjini-scheme\/\" >\n\t\t\t\tTakim me banor\u00ebt n\u00eb sektorin R5 \u2013 skema e Dukagjinit\t\t\t<\/a>\n\t\t<\/h3>\n\t\t\t\t<div class=\"elementor-post__excerpt\">\n\t\t\t<p>ARDP (Agriculture and Rural Development Project) team accompanied by Radoniqi-Dukagjini and contractor\u00a0 X\u00cbRXA SHPK staff held a meeting (on March 2022) to notify residents of<\/p>\n\t\t<\/div>\n\t\t\n\t\t<a class=\"elementor-post__read-more\" href=\"https:\/\/xerxa-shpk.com\/sq\/meeting-with-residents-in-the-r5-sector-dukagjini-scheme\/\" aria-label=\"Read more about Meeting with residents in the R5 sector \u2013 Dukagjini scheme\" tabindex=\"-1\" >\n\t\t\tRead More \u00bb\t\t<\/a>\n\n\t\t\t\t<\/div>\n\t\t\t\t<\/article>\n\t\t\t\t<\/div>\n\t\t\n\t\t\t\t\t\t<\/div>\n\t\t\t\t<\/div>\n\t\t\t\t\t<\/div>\n\t\t<\/div>\n\t\t\t\t\t<\/div>\n\t\t<\/section>\n\t\t\t\t<\/div>","protected":false},"excerpt":{"rendered":"<p>Q\u00ebndroni t\u00eb informuar mbi lajmet dhe zhvillimet m\u00eb t\u00eb fundit nga kompania jon\u00eb. Ekipi yn\u00eb punon vazhdimisht n\u00eb nisma t\u00eb reja emocionuese dhe jemi gjithmon\u00eb n\u00eb k\u00ebrkim t\u00eb m\u00ebnyrave p\u00ebr t\u00eb p\u00ebrmir\u00ebsuar sh\u00ebrbimet dhe zgjidhjet tona.<\/p>","protected":false},"author":1,"featured_media":0,"parent":0,"menu_order":0,"comment_status":"closed","ping_status":"closed","template":"elementor_header_footer","meta":{"inline_featured_image":false,"_kad_post_transparent":"","_kad_post_title":"hide","_kad_post_layout":"fullwidth","_kad_post_sidebar_id":"","_kad_post_content_style":"unboxed","_kad_post_vertical_padding":"hide","_kad_post_feature":"hide","_kad_post_feature_position":"","_kad_post_header":false,"_kad_post_footer":false,"_kad_post_classname":"","footnotes":""},"class_list":["post-29","page","type-page","status-publish","hentry"],"yoast_head":"<!-- This site is optimized with the Yoast SEO plugin v27.2 - https:\/\/yoast.com\/product\/yoast-seo-wordpress\/ -->\n<title>Newsroom - X\u00ebrxa Hidro Group SHPK<\/title>\n<meta name=\"robots\" content=\"index, follow, max-snippet:-1, max-image-preview:large, max-video-preview:-1\" \/>\n<link rel=\"canonical\" href=\"https:\/\/xerxa-shpk.com\/sq\/newsroom\/\" \/>\n<meta property=\"og:locale\" content=\"sq_AL\" \/>\n<meta property=\"og:type\" content=\"article\" \/>\n<meta property=\"og:title\" content=\"Newsroom - X\u00ebrxa Hidro Group SHPK\" \/>\n<meta property=\"og:description\" content=\"Stay up-to-date on the latest news and developments from our company. Our team is constantly working on exciting new initiatives, and we are always looking for ways to improve our services and solutions.\" \/>\n<meta property=\"og:url\" content=\"https:\/\/xerxa-shpk.com\/sq\/newsroom\/\" \/>\n<meta property=\"og:site_name\" content=\"X\u00ebrxa Hidro Group SHPK\" \/>\n<meta property=\"article:modified_time\" content=\"2023-02-02T01:14:55+00:00\" \/>\n<meta name=\"twitter:card\" content=\"summary_large_image\" \/>\n<script type=\"application\/ld+json\" class=\"yoast-schema-graph\">{\"@context\":\"https:\/\/schema.org\",\"@graph\":[{\"@type\":\"WebPage\",\"@id\":\"https:\/\/xerxa-shpk.com\/newsroom\/\",\"url\":\"https:\/\/xerxa-shpk.com\/newsroom\/\",\"name\":\"Newsroom - X\u00ebrxa Hidro Group SHPK\",\"isPartOf\":{\"@id\":\"https:\/\/xerxa-shpk.com\/#website\"},\"datePublished\":\"2022-12-31T14:21:38+00:00\",\"dateModified\":\"2023-02-02T01:14:55+00:00\",\"breadcrumb\":{\"@id\":\"https:\/\/xerxa-shpk.com\/newsroom\/#breadcrumb\"},\"inLanguage\":\"sq\",\"potentialAction\":[{\"@type\":\"ReadAction\",\"target\":[\"https:\/\/xerxa-shpk.com\/newsroom\/\"]}]},{\"@type\":\"BreadcrumbList\",\"@id\":\"https:\/\/xerxa-shpk.com\/newsroom\/#breadcrumb\",\"itemListElement\":[{\"@type\":\"ListItem\",\"position\":1,\"name\":\"Home\",\"item\":\"https:\/\/xerxa-shpk.com\/\"},{\"@type\":\"ListItem\",\"position\":2,\"name\":\"Newsroom\"}]},{\"@type\":\"WebSite\",\"@id\":\"https:\/\/xerxa-shpk.com\/#website\",\"url\":\"https:\/\/xerxa-shpk.com\/\",\"name\":\"X\u00ebrxa Hidro Group SHPK\",\"description\":\"A drop of water, for a lifetime\",\"publisher\":{\"@id\":\"https:\/\/xerxa-shpk.com\/#organization\"},\"potentialAction\":[{\"@type\":\"SearchAction\",\"target\":{\"@type\":\"EntryPoint\",\"urlTemplate\":\"https:\/\/xerxa-shpk.com\/?s={search_term_string}\"},\"query-input\":{\"@type\":\"PropertyValueSpecification\",\"valueRequired\":true,\"valueName\":\"search_term_string\"}}],\"inLanguage\":\"sq\"},{\"@type\":\"Organization\",\"@id\":\"https:\/\/xerxa-shpk.com\/#organization\",\"name\":\"X\u00ebrxa Hidro Group SHPK\",\"url\":\"https:\/\/xerxa-shpk.com\/\",\"logo\":{\"@type\":\"ImageObject\",\"inLanguage\":\"sq\",\"@id\":\"https:\/\/xerxa-shpk.com\/#\/schema\/logo\/image\/\",\"url\":\"https:\/\/xerxa-shpk.com\/wp-content\/uploads\/2023\/02\/xerxa-blue.svg\",\"contentUrl\":\"https:\/\/xerxa-shpk.com\/wp-content\/uploads\/2023\/02\/xerxa-blue.svg\",\"width\":603,\"height\":183,\"caption\":\"X\u00ebrxa Hidro Group SHPK\"},\"image\":{\"@id\":\"https:\/\/xerxa-shpk.com\/#\/schema\/logo\/image\/\"}}]}<\/script>\n<!-- \/ Yoast SEO plugin. -->","yoast_head_json":{"title":"Newsroom - X\u00ebrxa Hidro Group SHPK","robots":{"index":"index","follow":"follow","max-snippet":"max-snippet:-1","max-image-preview":"max-image-preview:large","max-video-preview":"max-video-preview:-1"},"canonical":"https:\/\/xerxa-shpk.com\/sq\/newsroom\/","og_locale":"sq_AL","og_type":"article","og_title":"Newsroom - X\u00ebrxa Hidro Group SHPK","og_description":"Stay up-to-date on the latest news and developments from our company. Our team is constantly working on exciting new initiatives, and we are always looking for ways to improve our services and solutions.","og_url":"https:\/\/xerxa-shpk.com\/sq\/newsroom\/","og_site_name":"X\u00ebrxa Hidro Group SHPK","article_modified_time":"2023-02-02T01:14:55+00:00","twitter_card":"summary_large_image","schema":{"@context":"https:\/\/schema.org","@graph":[{"@type":"WebPage","@id":"https:\/\/xerxa-shpk.com\/newsroom\/","url":"https:\/\/xerxa-shpk.com\/newsroom\/","name":"Newsroom - X\u00ebrxa Hidro Group SHPK","isPartOf":{"@id":"https:\/\/xerxa-shpk.com\/#website"},"datePublished":"2022-12-31T14:21:38+00:00","dateModified":"2023-02-02T01:14:55+00:00","breadcrumb":{"@id":"https:\/\/xerxa-shpk.com\/newsroom\/#breadcrumb"},"inLanguage":"sq","potentialAction":[{"@type":"ReadAction","target":["https:\/\/xerxa-shpk.com\/newsroom\/"]}]},{"@type":"BreadcrumbList","@id":"https:\/\/xerxa-shpk.com\/newsroom\/#breadcrumb","itemListElement":[{"@type":"ListItem","position":1,"name":"Home","item":"https:\/\/xerxa-shpk.com\/"},{"@type":"ListItem","position":2,"name":"Newsroom"}]},{"@type":"WebSite","@id":"https:\/\/xerxa-shpk.com\/#website","url":"https:\/\/xerxa-shpk.com\/","name":"X\u00ebrxa Hidro Group SHPK","description":"A drop of water, for a lifetime","publisher":{"@id":"https:\/\/xerxa-shpk.com\/#organization"},"potentialAction":[{"@type":"SearchAction","target":{"@type":"EntryPoint","urlTemplate":"https:\/\/xerxa-shpk.com\/?s={search_term_string}"},"query-input":{"@type":"PropertyValueSpecification","valueRequired":true,"valueName":"search_term_string"}}],"inLanguage":"sq"},{"@type":"Organization","@id":"https:\/\/xerxa-shpk.com\/#organization","name":"X\u00ebrxa Hidro Group SHPK","url":"https:\/\/xerxa-shpk.com\/","logo":{"@type":"ImageObject","inLanguage":"sq","@id":"https:\/\/xerxa-shpk.com\/#\/schema\/logo\/image\/","url":"https:\/\/xerxa-shpk.com\/wp-content\/uploads\/2023\/02\/xerxa-blue.svg","contentUrl":"https:\/\/xerxa-shpk.com\/wp-content\/uploads\/2023\/02\/xerxa-blue.svg","width":603,"height":183,"caption":"X\u00ebrxa Hidro Group SHPK"},"image":{"@id":"https:\/\/xerxa-shpk.com\/#\/schema\/logo\/image\/"}}]}},"_links":{"self":[{"href":"https:\/\/xerxa-shpk.com\/sq\/wp-json\/wp\/v2\/pages\/29","targetHints":{"allow":["GET"]}}],"collection":[{"href":"https:\/\/xerxa-shpk.com\/sq\/wp-json\/wp\/v2\/pages"}],"about":[{"href":"https:\/\/xerxa-shpk.com\/sq\/wp-json\/wp\/v2\/types\/page"}],"author":[{"embeddable":true,"href":"https:\/\/xerxa-shpk.com\/sq\/wp-json\/wp\/v2\/users\/1"}],"replies":[{"embeddable":true,"href":"https:\/\/xerxa-shpk.com\/sq\/wp-json\/wp\/v2\/comments?post=29"}],"version-history":[{"count":5,"href":"https:\/\/xerxa-shpk.com\/sq\/wp-json\/wp\/v2\/pages\/29\/revisions"}],"predecessor-version":[{"id":522,"href":"https:\/\/xerxa-shpk.com\/sq\/wp-json\/wp\/v2\/pages\/29\/revisions\/522"}],"wp:attachment":[{"href":"https:\/\/xerxa-shpk.com\/sq\/wp-json\/wp\/v2\/media?parent=29"}],"curies":[{"name":"wp","href":"https:\/\/api.w.org\/{rel}","templated":true}]}}