{"id":33,"date":"2022-12-31T14:23:05","date_gmt":"2022-12-31T14:23:05","guid":{"rendered":"https:\/\/xerxa-npt.com\/site\/?page_id=33"},"modified":"2023-03-23T12:27:18","modified_gmt":"2023-03-23T12:27:18","slug":"partners-suppliers","status":"publish","type":"page","link":"https:\/\/xerxa-shpk.com\/sq\/partners-suppliers\/","title":{"rendered":"Partner\u00ebt dhe Furnizuesit"},"content":{"rendered":"<div data-elementor-type=\"wp-page\" data-elementor-id=\"33\" class=\"elementor elementor-33\" data-elementor-post-type=\"page\">\n\t\t\t\t\t\t<section class=\"elementor-section elementor-top-section elementor-element elementor-element-7af0106 elementor-section-boxed elementor-section-height-default elementor-section-height-default\" data-id=\"7af0106\" data-element_type=\"section\" data-e-type=\"section\" data-settings=\"{&quot;background_background&quot;:&quot;classic&quot;}\">\n\t\t\t\t\t\t<div class=\"elementor-container elementor-column-gap-default\">\n\t\t\t\t\t<div class=\"elementor-column elementor-col-100 elementor-top-column elementor-element elementor-element-2c3566b\" data-id=\"2c3566b\" data-element_type=\"column\" data-e-type=\"column\">\n\t\t\t<div class=\"elementor-widget-wrap elementor-element-populated\">\n\t\t\t\t\t\t<div class=\"elementor-element elementor-element-44ace42 elementor-widget elementor-widget-heading\" data-id=\"44ace42\" data-element_type=\"widget\" data-e-type=\"widget\" data-widget_type=\"heading.default\">\n\t\t\t\t<div class=\"elementor-widget-container\">\n\t\t\t\t\t<h1 class=\"elementor-heading-title elementor-size-default\">Partner\u00ebt dhe Furnizuesit<\/h1>\t\t\t\t<\/div>\n\t\t\t\t<\/div>\n\t\t\t\t\t<\/div>\n\t\t<\/div>\n\t\t\t\t\t<\/div>\n\t\t<\/section>\n\t\t\t\t<section class=\"elementor-section elementor-top-section elementor-element elementor-element-e729656 elementor-section-content-middle elementor-reverse-tablet elementor-reverse-mobile elementor-section-boxed elementor-section-height-default elementor-section-height-default\" data-id=\"e729656\" data-element_type=\"section\" data-e-type=\"section\">\n\t\t\t\t\t\t<div class=\"elementor-container elementor-column-gap-default\">\n\t\t\t\t\t<div class=\"elementor-column elementor-col-50 elementor-top-column elementor-element elementor-element-a99f26b\" data-id=\"a99f26b\" data-element_type=\"column\" data-e-type=\"column\">\n\t\t\t<div class=\"elementor-widget-wrap elementor-element-populated\">\n\t\t\t\t\t\t<div class=\"elementor-element elementor-element-a0e939d elementor-widget elementor-widget-text-editor\" data-id=\"a0e939d\" data-element_type=\"widget\" data-e-type=\"widget\" data-widget_type=\"text-editor.default\">\n\t\t\t\t<div class=\"elementor-widget-container\">\n\t\t\t\t\t\t\t\t\t<p>Kompania jon\u00eb \u00ebsht\u00eb krenare q\u00eb bashk\u00ebpunon me kompani dhe furnizues kryesor\u00eb n\u00eb industrin\u00eb e furnizimit me uj\u00eb. Ne besojm\u00eb se partneritetet e forta jan\u00eb \u00e7el\u00ebsi p\u00ebr ofrimin e sh\u00ebrbimeve t\u00eb furnizimit me uj\u00eb me cil\u00ebsi t\u00eb lart\u00eb, dhe ne punojm\u00eb ngusht\u00eb me partner\u00ebt dhe furnizuesit tan\u00eb p\u00ebr t\u00eb ofruar zgjidhjet m\u00eb t\u00eb mira p\u00ebr klient\u00ebt tan\u00eb.<\/p><p>Partner\u00ebt dhe furnizuesit tan\u00eb p\u00ebrfshijn\u00eb prodhues, distributor\u00eb dhe kompani t\u00eb tjera q\u00eb ofrojn\u00eb produkte dhe sh\u00ebrbime thelb\u00ebsore p\u00ebr industrin\u00eb e furnizimit me uj\u00eb. Duke punuar me m\u00eb t\u00eb mir\u00ebt n\u00eb k\u00ebt\u00eb biznes, ne jemi n\u00eb gjendje t'u ofrojm\u00eb klient\u00ebve tan\u00eb produktet dhe sh\u00ebrbimet m\u00eb t\u00eb fundit dhe m\u00eb inovative n\u00eb dispozicion.<\/p><p>N\u00eb kompanin\u00eb ton\u00eb, ne jemi t\u00eb p\u00ebrkushtuar p\u00ebr t\u00eb krijuar marr\u00ebdh\u00ebnie t\u00eb forta dhe afatgjata me partner\u00ebt dhe furnizuesit tan\u00eb. Ne besojm\u00eb se duke punuar s\u00eb bashku, mund t\u00eb ofrojm\u00eb zgjidhjet m\u00eb t\u00eb mira p\u00ebr furnizimin me uj\u00eb dhe t\u00eb kemi nj\u00eb ndikim pozitiv n\u00eb bot\u00eb. N\u00ebse jeni t\u00eb interesuar t\u00eb b\u00ebheni partner ose furnizues, ju lutemi na kontaktoni p\u00ebr t\u00eb m\u00ebsuar m\u00eb shum\u00eb.<\/p>\t\t\t\t\t\t\t\t<\/div>\n\t\t\t\t<\/div>\n\t\t\t\t\t<\/div>\n\t\t<\/div>\n\t\t\t\t<div class=\"elementor-column elementor-col-50 elementor-top-column elementor-element elementor-element-6fee769\" data-id=\"6fee769\" data-element_type=\"column\" data-e-type=\"column\" data-settings=\"{&quot;background_background&quot;:&quot;classic&quot;}\">\n\t\t\t<div class=\"elementor-widget-wrap elementor-element-populated\">\n\t\t\t\t\t\t<div class=\"elementor-element elementor-element-a0be6f3 elementor-widget elementor-widget-spacer\" data-id=\"a0be6f3\" data-element_type=\"widget\" data-e-type=\"widget\" data-widget_type=\"spacer.default\">\n\t\t\t\t<div class=\"elementor-widget-container\">\n\t\t\t\t\t\t\t<div class=\"elementor-spacer\">\n\t\t\t<div class=\"elementor-spacer-inner\"><\/div>\n\t\t<\/div>\n\t\t\t\t\t\t<\/div>\n\t\t\t\t<\/div>\n\t\t\t\t\t<\/div>\n\t\t<\/div>\n\t\t\t\t\t<\/div>\n\t\t<\/section>\n\t\t\t\t<section class=\"elementor-section elementor-top-section elementor-element elementor-element-fe3a0f8 elementor-section-boxed elementor-section-height-default elementor-section-height-default\" data-id=\"fe3a0f8\" data-element_type=\"section\" data-e-type=\"section\" data-settings=\"{&quot;background_background&quot;:&quot;classic&quot;}\">\n\t\t\t\t\t\t<div class=\"elementor-container elementor-column-gap-default\">\n\t\t\t\t\t<div class=\"elementor-column elementor-col-25 elementor-top-column elementor-element elementor-element-0210257\" data-id=\"0210257\" data-element_type=\"column\" data-e-type=\"column\">\n\t\t\t<div class=\"elementor-widget-wrap elementor-element-populated\">\n\t\t\t\t\t\t<div class=\"elementor-element elementor-element-6231728 elementor-widget elementor-widget-image\" data-id=\"6231728\" data-element_type=\"widget\" data-e-type=\"widget\" data-widget_type=\"image.default\">\n\t\t\t\t<div class=\"elementor-widget-container\">\n\t\t\t\t\t\t\t\t\t\t\t\t\t\t\t\t<a href=\"https:\/\/kazgroup.com.mk\/\" target=\"_blank\">\n\t\t\t\t\t\t\t<img fetchpriority=\"high\" decoding=\"async\" width=\"400\" height=\"200\" src=\"https:\/\/xerxa-shpk.com\/wp-content\/uploads\/2023\/03\/Kaz-Group.jpg\" class=\"elementor-animation-grow attachment-large size-large wp-image-1178\" alt=\"\" srcset=\"https:\/\/xerxa-shpk.com\/wp-content\/uploads\/2023\/03\/Kaz-Group.jpg 400w, https:\/\/xerxa-shpk.com\/wp-content\/uploads\/2023\/03\/Kaz-Group-300x150.jpg 300w, https:\/\/xerxa-shpk.com\/wp-content\/uploads\/2023\/03\/Kaz-Group-64x32.jpg 64w\" sizes=\"(max-width: 400px) 100vw, 400px\" \/>\t\t\t\t\t\t\t\t<\/a>\n\t\t\t\t\t\t\t\t\t\t\t\t\t\t\t<\/div>\n\t\t\t\t<\/div>\n\t\t\t\t\t<\/div>\n\t\t<\/div>\n\t\t\t\t<div class=\"elementor-column elementor-col-25 elementor-top-column elementor-element elementor-element-65a66bd\" data-id=\"65a66bd\" data-element_type=\"column\" data-e-type=\"column\">\n\t\t\t<div class=\"elementor-widget-wrap elementor-element-populated\">\n\t\t\t\t\t\t<div class=\"elementor-element elementor-element-0633642 elementor-widget elementor-widget-image\" data-id=\"0633642\" data-element_type=\"widget\" data-e-type=\"widget\" data-widget_type=\"image.default\">\n\t\t\t\t<div class=\"elementor-widget-container\">\n\t\t\t\t\t\t\t\t\t\t\t\t\t\t\t\t<a href=\"https:\/\/metalotehnika.mk\/\" target=\"_blank\">\n\t\t\t\t\t\t\t<img decoding=\"async\" width=\"400\" height=\"200\" src=\"https:\/\/xerxa-shpk.com\/wp-content\/uploads\/2023\/03\/ATA-METALOTEHNIKA.jpg\" class=\"elementor-animation-grow attachment-large size-large wp-image-1177\" alt=\"\" srcset=\"https:\/\/xerxa-shpk.com\/wp-content\/uploads\/2023\/03\/ATA-METALOTEHNIKA.jpg 400w, https:\/\/xerxa-shpk.com\/wp-content\/uploads\/2023\/03\/ATA-METALOTEHNIKA-300x150.jpg 300w, https:\/\/xerxa-shpk.com\/wp-content\/uploads\/2023\/03\/ATA-METALOTEHNIKA-64x32.jpg 64w\" sizes=\"(max-width: 400px) 100vw, 400px\" \/>\t\t\t\t\t\t\t\t<\/a>\n\t\t\t\t\t\t\t\t\t\t\t\t\t\t\t<\/div>\n\t\t\t\t<\/div>\n\t\t\t\t\t<\/div>\n\t\t<\/div>\n\t\t\t\t<div class=\"elementor-column elementor-col-25 elementor-top-column elementor-element elementor-element-786e0b2\" data-id=\"786e0b2\" data-element_type=\"column\" data-e-type=\"column\">\n\t\t\t<div class=\"elementor-widget-wrap elementor-element-populated\">\n\t\t\t\t\t\t<div class=\"elementor-element elementor-element-1886b93 elementor-widget elementor-widget-image\" data-id=\"1886b93\" data-element_type=\"widget\" data-e-type=\"widget\" data-widget_type=\"image.default\">\n\t\t\t\t<div class=\"elementor-widget-container\">\n\t\t\t\t\t\t\t\t\t\t\t\t\t\t\t\t<a href=\"https:\/\/www.unidelta.com\/en\/\" target=\"_blank\">\n\t\t\t\t\t\t\t<img decoding=\"async\" width=\"400\" height=\"200\" src=\"https:\/\/xerxa-shpk.com\/wp-content\/uploads\/2023\/03\/UNIDELTA-.jpg\" class=\"elementor-animation-grow attachment-large size-large wp-image-1180\" alt=\"\" srcset=\"https:\/\/xerxa-shpk.com\/wp-content\/uploads\/2023\/03\/UNIDELTA-.jpg 400w, https:\/\/xerxa-shpk.com\/wp-content\/uploads\/2023\/03\/UNIDELTA--300x150.jpg 300w, https:\/\/xerxa-shpk.com\/wp-content\/uploads\/2023\/03\/UNIDELTA--64x32.jpg 64w\" sizes=\"(max-width: 400px) 100vw, 400px\" \/>\t\t\t\t\t\t\t\t<\/a>\n\t\t\t\t\t\t\t\t\t\t\t\t\t\t\t<\/div>\n\t\t\t\t<\/div>\n\t\t\t\t\t<\/div>\n\t\t<\/div>\n\t\t\t\t<div class=\"elementor-column elementor-col-25 elementor-top-column elementor-element elementor-element-f3ab8b2\" data-id=\"f3ab8b2\" data-element_type=\"column\" data-e-type=\"column\">\n\t\t\t<div class=\"elementor-widget-wrap elementor-element-populated\">\n\t\t\t\t\t\t<div class=\"elementor-element elementor-element-f492746 elementor-widget elementor-widget-image\" data-id=\"f492746\" data-element_type=\"widget\" data-e-type=\"widget\" data-widget_type=\"image.default\">\n\t\t\t\t<div class=\"elementor-widget-container\">\n\t\t\t\t\t\t\t\t\t\t\t\t\t\t\t\t<a href=\"https:\/\/www.konti-hidroplast.com.mk\/en\/\" target=\"_blank\">\n\t\t\t\t\t\t\t<img loading=\"lazy\" decoding=\"async\" width=\"400\" height=\"200\" src=\"https:\/\/xerxa-shpk.com\/wp-content\/uploads\/2023\/03\/Konti-Hidroplast.jpg\" class=\"elementor-animation-grow attachment-large size-large wp-image-1179\" alt=\"\" srcset=\"https:\/\/xerxa-shpk.com\/wp-content\/uploads\/2023\/03\/Konti-Hidroplast.jpg 400w, https:\/\/xerxa-shpk.com\/wp-content\/uploads\/2023\/03\/Konti-Hidroplast-300x150.jpg 300w, https:\/\/xerxa-shpk.com\/wp-content\/uploads\/2023\/03\/Konti-Hidroplast-64x32.jpg 64w\" sizes=\"(max-width: 400px) 100vw, 400px\" \/>\t\t\t\t\t\t\t\t<\/a>\n\t\t\t\t\t\t\t\t\t\t\t\t\t\t\t<\/div>\n\t\t\t\t<\/div>\n\t\t\t\t\t<\/div>\n\t\t<\/div>\n\t\t\t\t\t<\/div>\n\t\t<\/section>\n\t\t\t\t<\/div>","protected":false},"excerpt":{"rendered":"<p>Our company is proud to partner with leading companies and suppliers in the water supply industry. We believe that strong partnerships are the key to delivering high-quality water supply services, and we work closely with our partners and suppliers to provide the best solutions for our customers. Our partners and suppliers include manufacturers, distributors, and&#8230;<\/p>","protected":false},"author":1,"featured_media":0,"parent":0,"menu_order":0,"comment_status":"closed","ping_status":"closed","template":"elementor_header_footer","meta":{"inline_featured_image":false,"_kad_post_transparent":"default","_kad_post_title":"hide","_kad_post_layout":"fullwidth","_kad_post_sidebar_id":"","_kad_post_content_style":"unboxed","_kad_post_vertical_padding":"hide","_kad_post_feature":"hide","_kad_post_feature_position":"","_kad_post_header":false,"_kad_post_footer":false,"_kad_post_classname":"","footnotes":""},"class_list":["post-33","page","type-page","status-publish","hentry"],"yoast_head":"<!-- This site is optimized with the Yoast SEO plugin v27.2 - https:\/\/yoast.com\/product\/yoast-seo-wordpress\/ -->\n<title>Partners &amp; Suppliers - X\u00ebrxa Hidro Group SHPK<\/title>\n<meta name=\"robots\" content=\"index, follow, max-snippet:-1, max-image-preview:large, max-video-preview:-1\" \/>\n<link rel=\"canonical\" href=\"https:\/\/xerxa-shpk.com\/sq\/partners-suppliers\/\" \/>\n<meta property=\"og:locale\" content=\"sq_AL\" \/>\n<meta property=\"og:type\" content=\"article\" \/>\n<meta property=\"og:title\" content=\"Partners &amp; Suppliers - X\u00ebrxa Hidro Group SHPK\" \/>\n<meta property=\"og:description\" content=\"Our company is proud to partner with leading companies and suppliers in the water supply industry. We believe that strong partnerships are the key to delivering high-quality water supply services, and we work closely with our partners and suppliers to provide the best solutions for our customers. Our partners and suppliers include manufacturers, distributors, and...\" \/>\n<meta property=\"og:url\" content=\"https:\/\/xerxa-shpk.com\/sq\/partners-suppliers\/\" \/>\n<meta property=\"og:site_name\" content=\"X\u00ebrxa Hidro Group SHPK\" \/>\n<meta property=\"article:modified_time\" content=\"2023-03-23T12:27:18+00:00\" \/>\n<meta property=\"og:image\" content=\"https:\/\/xerxa-shpk.com\/wp-content\/uploads\/2023\/03\/Kaz-Group.jpg\" \/>\n\t<meta property=\"og:image:width\" content=\"400\" \/>\n\t<meta property=\"og:image:height\" content=\"200\" \/>\n\t<meta property=\"og:image:type\" content=\"image\/jpeg\" \/>\n<meta name=\"twitter:card\" content=\"summary_large_image\" \/>\n<meta name=\"twitter:label1\" content=\"Est. reading time\" \/>\n\t<meta name=\"twitter:data1\" content=\"1 minut\u00eb\" \/>\n<script type=\"application\/ld+json\" class=\"yoast-schema-graph\">{\"@context\":\"https:\/\/schema.org\",\"@graph\":[{\"@type\":\"WebPage\",\"@id\":\"https:\/\/xerxa-shpk.com\/partners-suppliers\/\",\"url\":\"https:\/\/xerxa-shpk.com\/partners-suppliers\/\",\"name\":\"Partners & Suppliers - X\u00ebrxa Hidro Group SHPK\",\"isPartOf\":{\"@id\":\"https:\/\/xerxa-shpk.com\/#website\"},\"primaryImageOfPage\":{\"@id\":\"https:\/\/xerxa-shpk.com\/partners-suppliers\/#primaryimage\"},\"image\":{\"@id\":\"https:\/\/xerxa-shpk.com\/partners-suppliers\/#primaryimage\"},\"thumbnailUrl\":\"https:\/\/xerxa-shpk.com\/wp-content\/uploads\/2023\/03\/Kaz-Group.jpg\",\"datePublished\":\"2022-12-31T14:23:05+00:00\",\"dateModified\":\"2023-03-23T12:27:18+00:00\",\"breadcrumb\":{\"@id\":\"https:\/\/xerxa-shpk.com\/partners-suppliers\/#breadcrumb\"},\"inLanguage\":\"sq\",\"potentialAction\":[{\"@type\":\"ReadAction\",\"target\":[\"https:\/\/xerxa-shpk.com\/partners-suppliers\/\"]}]},{\"@type\":\"ImageObject\",\"inLanguage\":\"sq\",\"@id\":\"https:\/\/xerxa-shpk.com\/partners-suppliers\/#primaryimage\",\"url\":\"https:\/\/xerxa-shpk.com\/wp-content\/uploads\/2023\/03\/Kaz-Group.jpg\",\"contentUrl\":\"https:\/\/xerxa-shpk.com\/wp-content\/uploads\/2023\/03\/Kaz-Group.jpg\"},{\"@type\":\"BreadcrumbList\",\"@id\":\"https:\/\/xerxa-shpk.com\/partners-suppliers\/#breadcrumb\",\"itemListElement\":[{\"@type\":\"ListItem\",\"position\":1,\"name\":\"Home\",\"item\":\"https:\/\/xerxa-shpk.com\/\"},{\"@type\":\"ListItem\",\"position\":2,\"name\":\"Partners &#038; Suppliers\"}]},{\"@type\":\"WebSite\",\"@id\":\"https:\/\/xerxa-shpk.com\/#website\",\"url\":\"https:\/\/xerxa-shpk.com\/\",\"name\":\"X\u00ebrxa Hidro Group SHPK\",\"description\":\"A drop of water, for a lifetime\",\"publisher\":{\"@id\":\"https:\/\/xerxa-shpk.com\/#organization\"},\"potentialAction\":[{\"@type\":\"SearchAction\",\"target\":{\"@type\":\"EntryPoint\",\"urlTemplate\":\"https:\/\/xerxa-shpk.com\/?s={search_term_string}\"},\"query-input\":{\"@type\":\"PropertyValueSpecification\",\"valueRequired\":true,\"valueName\":\"search_term_string\"}}],\"inLanguage\":\"sq\"},{\"@type\":\"Organization\",\"@id\":\"https:\/\/xerxa-shpk.com\/#organization\",\"name\":\"X\u00ebrxa Hidro Group SHPK\",\"url\":\"https:\/\/xerxa-shpk.com\/\",\"logo\":{\"@type\":\"ImageObject\",\"inLanguage\":\"sq\",\"@id\":\"https:\/\/xerxa-shpk.com\/#\/schema\/logo\/image\/\",\"url\":\"https:\/\/xerxa-shpk.com\/wp-content\/uploads\/2023\/02\/xerxa-blue.svg\",\"contentUrl\":\"https:\/\/xerxa-shpk.com\/wp-content\/uploads\/2023\/02\/xerxa-blue.svg\",\"width\":603,\"height\":183,\"caption\":\"X\u00ebrxa Hidro Group SHPK\"},\"image\":{\"@id\":\"https:\/\/xerxa-shpk.com\/#\/schema\/logo\/image\/\"}}]}<\/script>\n<!-- \/ Yoast SEO plugin. -->","yoast_head_json":{"title":"Partners & Suppliers - X\u00ebrxa Hidro Group SHPK","robots":{"index":"index","follow":"follow","max-snippet":"max-snippet:-1","max-image-preview":"max-image-preview:large","max-video-preview":"max-video-preview:-1"},"canonical":"https:\/\/xerxa-shpk.com\/sq\/partners-suppliers\/","og_locale":"sq_AL","og_type":"article","og_title":"Partners & Suppliers - X\u00ebrxa Hidro Group SHPK","og_description":"Our company is proud to partner with leading companies and suppliers in the water supply industry. We believe that strong partnerships are the key to delivering high-quality water supply services, and we work closely with our partners and suppliers to provide the best solutions for our customers. Our partners and suppliers include manufacturers, distributors, and...","og_url":"https:\/\/xerxa-shpk.com\/sq\/partners-suppliers\/","og_site_name":"X\u00ebrxa Hidro Group SHPK","article_modified_time":"2023-03-23T12:27:18+00:00","og_image":[{"width":400,"height":200,"url":"https:\/\/xerxa-shpk.com\/wp-content\/uploads\/2023\/03\/Kaz-Group.jpg","type":"image\/jpeg"}],"twitter_card":"summary_large_image","twitter_misc":{"Est. reading time":"1 minut\u00eb"},"schema":{"@context":"https:\/\/schema.org","@graph":[{"@type":"WebPage","@id":"https:\/\/xerxa-shpk.com\/partners-suppliers\/","url":"https:\/\/xerxa-shpk.com\/partners-suppliers\/","name":"Partners & Suppliers - X\u00ebrxa Hidro Group SHPK","isPartOf":{"@id":"https:\/\/xerxa-shpk.com\/#website"},"primaryImageOfPage":{"@id":"https:\/\/xerxa-shpk.com\/partners-suppliers\/#primaryimage"},"image":{"@id":"https:\/\/xerxa-shpk.com\/partners-suppliers\/#primaryimage"},"thumbnailUrl":"https:\/\/xerxa-shpk.com\/wp-content\/uploads\/2023\/03\/Kaz-Group.jpg","datePublished":"2022-12-31T14:23:05+00:00","dateModified":"2023-03-23T12:27:18+00:00","breadcrumb":{"@id":"https:\/\/xerxa-shpk.com\/partners-suppliers\/#breadcrumb"},"inLanguage":"sq","potentialAction":[{"@type":"ReadAction","target":["https:\/\/xerxa-shpk.com\/partners-suppliers\/"]}]},{"@type":"ImageObject","inLanguage":"sq","@id":"https:\/\/xerxa-shpk.com\/partners-suppliers\/#primaryimage","url":"https:\/\/xerxa-shpk.com\/wp-content\/uploads\/2023\/03\/Kaz-Group.jpg","contentUrl":"https:\/\/xerxa-shpk.com\/wp-content\/uploads\/2023\/03\/Kaz-Group.jpg"},{"@type":"BreadcrumbList","@id":"https:\/\/xerxa-shpk.com\/partners-suppliers\/#breadcrumb","itemListElement":[{"@type":"ListItem","position":1,"name":"Home","item":"https:\/\/xerxa-shpk.com\/"},{"@type":"ListItem","position":2,"name":"Partners &#038; Suppliers"}]},{"@type":"WebSite","@id":"https:\/\/xerxa-shpk.com\/#website","url":"https:\/\/xerxa-shpk.com\/","name":"X\u00ebrxa Hidro Group SHPK","description":"A drop of water, for a lifetime","publisher":{"@id":"https:\/\/xerxa-shpk.com\/#organization"},"potentialAction":[{"@type":"SearchAction","target":{"@type":"EntryPoint","urlTemplate":"https:\/\/xerxa-shpk.com\/?s={search_term_string}"},"query-input":{"@type":"PropertyValueSpecification","valueRequired":true,"valueName":"search_term_string"}}],"inLanguage":"sq"},{"@type":"Organization","@id":"https:\/\/xerxa-shpk.com\/#organization","name":"X\u00ebrxa Hidro Group SHPK","url":"https:\/\/xerxa-shpk.com\/","logo":{"@type":"ImageObject","inLanguage":"sq","@id":"https:\/\/xerxa-shpk.com\/#\/schema\/logo\/image\/","url":"https:\/\/xerxa-shpk.com\/wp-content\/uploads\/2023\/02\/xerxa-blue.svg","contentUrl":"https:\/\/xerxa-shpk.com\/wp-content\/uploads\/2023\/02\/xerxa-blue.svg","width":603,"height":183,"caption":"X\u00ebrxa Hidro Group SHPK"},"image":{"@id":"https:\/\/xerxa-shpk.com\/#\/schema\/logo\/image\/"}}]}},"_links":{"self":[{"href":"https:\/\/xerxa-shpk.com\/sq\/wp-json\/wp\/v2\/pages\/33","targetHints":{"allow":["GET"]}}],"collection":[{"href":"https:\/\/xerxa-shpk.com\/sq\/wp-json\/wp\/v2\/pages"}],"about":[{"href":"https:\/\/xerxa-shpk.com\/sq\/wp-json\/wp\/v2\/types\/page"}],"author":[{"embeddable":true,"href":"https:\/\/xerxa-shpk.com\/sq\/wp-json\/wp\/v2\/users\/1"}],"replies":[{"embeddable":true,"href":"https:\/\/xerxa-shpk.com\/sq\/wp-json\/wp\/v2\/comments?post=33"}],"version-history":[{"count":5,"href":"https:\/\/xerxa-shpk.com\/sq\/wp-json\/wp\/v2\/pages\/33\/revisions"}],"predecessor-version":[{"id":1189,"href":"https:\/\/xerxa-shpk.com\/sq\/wp-json\/wp\/v2\/pages\/33\/revisions\/1189"}],"wp:attachment":[{"href":"https:\/\/xerxa-shpk.com\/sq\/wp-json\/wp\/v2\/media?parent=33"}],"curies":[{"name":"wp","href":"https:\/\/api.w.org\/{rel}","templated":true}]}}